{"id":126,"date":"2017-04-11T13:52:33","date_gmt":"2017-04-11T13:52:33","guid":{"rendered":"http:\/\/terrier.ee\/?page_id=126"},"modified":"2025-02-25T19:23:22","modified_gmt":"2025-02-25T19:23:22","slug":"protokollid","status":"publish","type":"page","link":"https:\/\/terrier.ee\/index.php\/protokollid\/","title":{"rendered":"Protokollid"},"content":{"rendered":"<h2 style=\"text-align: center;\"><a href=\"http:\/\/terrier.ee\/wp-content\/uploads\/2025\/02\/yldkoosoleku-protokoll-21-02-2025.pdf\" target=\"_blank\" rel=\"noopener\">2024 \u00dcLDKOOSOLEKU PROTOKOLL<\/a><\/h2>\n<h2 style=\"text-align: center;\"><strong><a href=\"http:\/\/terrier.ee\/wp-content\/uploads\/2017\/04\/yldkoosoleku-protokoll-21-02-2024.pdf\" target=\"_blank\" rel=\"noopener\">2023 \u00dcLDKOOSOLEKU PROTOKOLL<\/a><\/strong><\/h2>\n<h2 style=\"text-align: center;\"><strong><a href=\"http:\/\/terrier.ee\/wp-content\/uploads\/2017\/04\/yldkoosoleku-protokoll-01-03-2023.pdf\" target=\"_blank\" rel=\"noopener\">2022 \u00dcLDKOOSOLEKU PROTOKOLL<\/a><\/strong><\/h2>\n<h2 style=\"text-align: center;\"><strong><a href=\"http:\/\/terrier.ee\/wp-content\/uploads\/2017\/04\/yldkoosoleku-protokoll-17-02-2022-1.pdf\" target=\"_blank\" rel=\"noopener\">2021 \u00dcLDKOOSOLEKU PROTOKOLL<\/a><\/strong><\/h2>\n<h2 style=\"text-align: center;\"><strong><a href=\"http:\/\/terrier.ee\/wp-content\/uploads\/2017\/04\/yldkoosoleku-protokoll-11-06-2021.pdf\" target=\"_blank\" rel=\"noopener\">2020 \u00dcLDKOOSOLEKU PROTOKOLL<\/a><\/strong><\/h2>\n<h2 style=\"text-align: center;\"><strong><a href=\"http:\/\/terrier.ee\/wp-content\/uploads\/2017\/04\/2019-protokoll.pdf\" target=\"_blank\" rel=\"noopener\">2019 \u00dcLDKOOSOLEKU protokoll<\/a><\/strong><\/h2>\n<h2 style=\"text-align: center;\"><strong><a href=\"http:\/\/terrier.ee\/wp-content\/uploads\/2017\/04\/2019-yldkoosoleku-protokoll.pdf\" target=\"_blank\" rel=\"noopener\">2018 \u00dcLDKOOSOLEKU PROTOKOLL<\/a><\/strong><\/h2>\n<h2 style=\"text-align: center;\"><strong><a href=\"http:\/\/terrier.ee\/wp-content\/uploads\/2017\/04\/ETY-aastakoosoleku-protokoll-2018.pdf\" target=\"_blank\" rel=\"noopener\">2017 \u00dcLDKOOSOLEKU PROTOKOLL<\/a><\/strong><\/h2>\n<h2 style=\"text-align: center;\"><strong><a href=\"http:\/\/terrier.ee\/wp-content\/uploads\/2017\/04\/ETY-aastakoosoleku-protokoll-20juuni2017.pdf\" target=\"_blank\" rel=\"noopener\">2016 \u00dcLDKOOSOLEKU PROTOKOLL<\/a><\/strong><\/h2>\n<h2 style=\"text-align: center;\"><strong><a href=\"http:\/\/terrier.ee\/wp-content\/uploads\/2017\/04\/ETUyldkoosolekuPROTOKOLL2015.docx\">2015 \u00dcldkoosoleku protokoll<\/a><\/strong><\/h2>\n<h2 style=\"text-align: center;\"><strong><a href=\"http:\/\/terrier.ee\/wp-content\/uploads\/2017\/04\/ETU2014aastaYLDKOOSOlEKUprotokoll.doc\">2014 \u00dcldkoosoleku protokoll<\/a><\/strong><\/h2>\n","protected":false},"excerpt":{"rendered":"<p>2024 \u00dcLDKOOSOLEKU PROTOKOLL 2023 \u00dcLDKOOSOLEKU PROTOKOLL 2022 \u00dcLDKOOSOLEKU PROTOKOLL 2021 \u00dcLDKOOSOLEKU PROTOKOLL 2020 \u00dcLDKOOSOLEKU PROTOKOLL 2019 \u00dcLDKOOSOLEKU protokoll 2018 \u00dcLDKOOSOLEKU PROTOKOLL 2017 \u00dcLDKOOSOLEKU PROTOKOLL 2016 \u00dcLDKOOSOLEKU PROTOKOLL 2015 \u00dcldkoosoleku protokoll 2014 \u00dcldkoosoleku protokoll<\/p>\n","protected":false},"author":1,"featured_media":0,"parent":0,"menu_order":0,"comment_status":"closed","ping_status":"closed","template":"template-full-width.php","meta":{"footnotes":""},"class_list":["post-126","page","type-page","status-publish","hentry"],"_links":{"self":[{"href":"https:\/\/terrier.ee\/index.php\/wp-json\/wp\/v2\/pages\/126"}],"collection":[{"href":"https:\/\/terrier.ee\/index.php\/wp-json\/wp\/v2\/pages"}],"about":[{"href":"https:\/\/terrier.ee\/index.php\/wp-json\/wp\/v2\/types\/page"}],"author":[{"embeddable":true,"href":"https:\/\/terrier.ee\/index.php\/wp-json\/wp\/v2\/users\/1"}],"replies":[{"embeddable":true,"href":"https:\/\/terrier.ee\/index.php\/wp-json\/wp\/v2\/comments?post=126"}],"version-history":[{"count":5,"href":"https:\/\/terrier.ee\/index.php\/wp-json\/wp\/v2\/pages\/126\/revisions"}],"predecessor-version":[{"id":2627,"href":"https:\/\/terrier.ee\/index.php\/wp-json\/wp\/v2\/pages\/126\/revisions\/2627"}],"wp:attachment":[{"href":"https:\/\/terrier.ee\/index.php\/wp-json\/wp\/v2\/media?parent=126"}],"curies":[{"name":"wp","href":"https:\/\/api.w.org\/{rel}","templated":true}]}}