{"id":1647,"date":"2021-08-24T17:17:13","date_gmt":"2021-08-24T17:17:13","guid":{"rendered":"http:\/\/terrier.ee\/?page_id=1647"},"modified":"2021-08-24T19:11:11","modified_gmt":"2021-08-24T19:11:11","slug":"49-erinaitus-balter-voitja-2021","status":"publish","type":"page","link":"https:\/\/www.terrier.ee\/index.php\/49-erinaitus-balter-voitja-2021\/","title":{"rendered":"49. ERIN\u00c4ITUS, BalTer V\u00f5itja 2021"},"content":{"rendered":"<p style=\"text-align: center;\"><strong>49. ERIN\u00c4ITUS<\/strong><\/p>\n<p style=\"text-align: center;\"><span style=\"color: #ff0000;\"><strong>BALTER V\u00d5ITJA 2021<\/strong><\/span><\/p>\n<p style=\"text-align: center;\"><strong>22.08.2021<\/strong><\/p>\n<p style=\"text-align: center;\"><strong>\u00dcle 3e aasta suurim erin\u00e4itus on edukalt peetud ja \u00f5nnitleme k\u00f5iki osalejaid ja muidugi v\u00f5itjaid!<\/strong><\/p>\n<p style=\"text-align: center;\"><strong>Meie austatud kohtunikud pr Maite Gonzablo Lorenzo Hispaaniast ja pr Maria-Luise Doppelreiter Austriast valisid n\u00e4ituse kaunimaks terjeriks<br \/>\n<span style=\"color: #ff0000;\">Jack Russell`i terjer\u00a0 KASZAVOLGYI-FURGE NUGGET<\/span> L\u00e4tist.\u00a0<\/strong><\/p>\n<p><a href=\"http:\/\/terrier.ee\/wp-content\/uploads\/2017\/04\/DSC_0871.jpg\"><img loading=\"lazy\" decoding=\"async\" class=\"aligncenter wp-image-1644\" src=\"http:\/\/terrier.ee\/wp-content\/uploads\/2017\/04\/DSC_0871.jpg\" alt=\"\" width=\"605\" height=\"578\" srcset=\"http:\/\/terrier.ee\/wp-content\/uploads\/2017\/04\/DSC_0871.jpg 800w, http:\/\/terrier.ee\/wp-content\/uploads\/2017\/04\/DSC_0871-300x287.jpg 300w, http:\/\/terrier.ee\/wp-content\/uploads\/2017\/04\/DSC_0871-768x733.jpg 768w\" sizes=\"(max-width: 605px) 100vw, 605px\" \/><\/a><\/p>\n<p style=\"text-align: center;\"><a href=\"https:\/\/online.kennelliit.ee\/show\/show.php?lang=0&amp;show=884\" target=\"_blank\" rel=\"noopener\"><strong>T\u00c4ISTULEMUSED<\/strong><\/a><\/p>\n<p>&nbsp;<\/p>\n<p style=\"text-align: center;\"><span style=\"color: #00ff00;\"><strong>BEST IN SHOW BEEBI<br \/>\nKohtunik pr. Maite Gonzablo Lorenzo<\/strong><\/span><\/p>\n<p><strong>1.Austraalia terjer &#8211;\u00a0<span style=\"color: #ff0000;\">ARMIRELLI SIMPLE RED<\/span>, om. Anne-Lii Sild, Eesti<\/strong><br \/>\n<strong> 2. Dandie Dinmont`i terjer &#8211;\u00a0<span style=\"color: #ff0000;\">KITI&#8217;S BAND REASON TO LOVE<\/span>, om. Kristine Maria Siitan, Eesti<\/strong><br \/>\n<strong> 3. K\u00e4\u00e4bus bullterjer &#8211;\u00a0<span style=\"color: #ff0000;\">POTSU DE NOTSU JOY COMPANY<\/span>, om. Elsa J\u00e4rvam\u00e4gi ja Margot Oder, Eesti<\/strong><\/p>\n<p><a href=\"http:\/\/terrier.ee\/wp-content\/uploads\/2021\/08\/DSC_0770.jpg\"><img loading=\"lazy\" decoding=\"async\" class=\"alignnone size-medium wp-image-1655\" src=\"http:\/\/terrier.ee\/wp-content\/uploads\/2021\/08\/DSC_0770-209x300.jpg\" alt=\"\" width=\"209\" height=\"300\" srcset=\"http:\/\/terrier.ee\/wp-content\/uploads\/2021\/08\/DSC_0770-209x300.jpg 209w, http:\/\/terrier.ee\/wp-content\/uploads\/2021\/08\/DSC_0770.jpg 556w\" sizes=\"(max-width: 209px) 100vw, 209px\" \/><\/a>\u00a0 <a href=\"http:\/\/terrier.ee\/wp-content\/uploads\/2021\/08\/235165999_1440291259674336_1143998250701366018_n.jpg\"><img loading=\"lazy\" decoding=\"async\" class=\"alignnone size-medium wp-image-1666\" src=\"http:\/\/terrier.ee\/wp-content\/uploads\/2021\/08\/235165999_1440291259674336_1143998250701366018_n-225x300.jpg\" alt=\"\" width=\"225\" height=\"300\" srcset=\"http:\/\/terrier.ee\/wp-content\/uploads\/2021\/08\/235165999_1440291259674336_1143998250701366018_n-225x300.jpg 225w, http:\/\/terrier.ee\/wp-content\/uploads\/2021\/08\/235165999_1440291259674336_1143998250701366018_n-768x1024.jpg 768w, http:\/\/terrier.ee\/wp-content\/uploads\/2021\/08\/235165999_1440291259674336_1143998250701366018_n.jpg 1284w\" sizes=\"(max-width: 225px) 100vw, 225px\" \/><\/a>\u00a0\u00a0<a href=\"http:\/\/terrier.ee\/wp-content\/uploads\/2021\/08\/DSC_0777.jpg\"><img loading=\"lazy\" decoding=\"async\" class=\"alignnone size-medium wp-image-1656\" src=\"http:\/\/terrier.ee\/wp-content\/uploads\/2021\/08\/DSC_0777-207x300.jpg\" alt=\"\" width=\"207\" height=\"300\" srcset=\"http:\/\/terrier.ee\/wp-content\/uploads\/2021\/08\/DSC_0777-207x300.jpg 207w, http:\/\/terrier.ee\/wp-content\/uploads\/2021\/08\/DSC_0777.jpg 553w\" sizes=\"(max-width: 207px) 100vw, 207px\" \/><\/a><\/p>\n<p style=\"text-align: center;\"><span style=\"color: #0000ff;\"><strong>PARIM EESTIS S\u00dcNDINUD BEEBI<\/strong><\/span><\/p>\n<p style=\"text-align: center;\"><strong>Austraalia terjer &#8211;\u00a0<span style=\"color: #ff0000;\">ARMIRELLI SIMPLE RED<\/span>, om. Anne-Lii Sild, Eesti<\/strong><\/p>\n<p>&nbsp;<\/p>\n<p style=\"text-align: center;\"><span style=\"color: #00ff00;\"><strong>BEST IN SHOW KUTSIKAS<\/strong><\/span><br \/>\n<span style=\"color: #00ff00;\"><strong>Kohtunik pr. Maria-Luise Doppelreiter<\/strong><\/span><\/p>\n<p><strong>1.\u0160oti terjer &#8211;\u00a0<span style=\"color: #ff0000;\">SHELLKIT DARK MANDALORIAN<\/span>, om. Anu V\u00e4li, Eesti<\/strong><br \/>\n<strong>2. Ameerika Staffordshire`i terjer &#8211;\u00a0<span style=\"color: #ff0000;\">CRAZY CRYS DUCHESS<\/span>, om. H\u00e4li Tammeleht, Eesti<\/strong><br \/>\n<strong>3. Jack Russell`i terjer &#8211;\u00a0<span style=\"color: #ff0000;\">KAIROJEN HEART TO HEART<\/span>, om. Sari Hannula, Soome<\/strong><br \/>\n<strong>4. Cairni terjer &#8211;\u00a0<span style=\"color: #ff0000;\">STREICH&#8217;S SHOPIA LOREN<\/span>, om. Leena Hynninene ja Mari R\u00e4s\u00e4nen, Soome<\/strong><\/p>\n<p><a href=\"http:\/\/terrier.ee\/wp-content\/uploads\/2021\/08\/DSC_0794.jpg\"><img loading=\"lazy\" decoding=\"async\" class=\"alignnone size-medium wp-image-1661\" src=\"http:\/\/terrier.ee\/wp-content\/uploads\/2021\/08\/DSC_0794-216x300.jpg\" alt=\"\" width=\"216\" height=\"300\" srcset=\"http:\/\/terrier.ee\/wp-content\/uploads\/2021\/08\/DSC_0794-216x300.jpg 216w, http:\/\/terrier.ee\/wp-content\/uploads\/2021\/08\/DSC_0794.jpg 575w\" sizes=\"(max-width: 216px) 100vw, 216px\" \/><\/a>\u00a0\u00a0<a href=\"http:\/\/terrier.ee\/wp-content\/uploads\/2021\/08\/DSC_0796.jpg\"><img loading=\"lazy\" decoding=\"async\" class=\"alignnone size-medium wp-image-1662\" src=\"http:\/\/terrier.ee\/wp-content\/uploads\/2021\/08\/DSC_0796-212x300.jpg\" alt=\"\" width=\"212\" height=\"300\" srcset=\"http:\/\/terrier.ee\/wp-content\/uploads\/2021\/08\/DSC_0796-212x300.jpg 212w, http:\/\/terrier.ee\/wp-content\/uploads\/2021\/08\/DSC_0796.jpg 565w\" sizes=\"(max-width: 212px) 100vw, 212px\" \/><\/a>\u00a0\u00a0<a href=\"http:\/\/terrier.ee\/wp-content\/uploads\/2021\/08\/DSC_0784.jpg\"><img loading=\"lazy\" decoding=\"async\" class=\"alignnone size-medium wp-image-1663\" src=\"http:\/\/terrier.ee\/wp-content\/uploads\/2021\/08\/DSC_0784-256x300.jpg\" alt=\"\" width=\"256\" height=\"300\" srcset=\"http:\/\/terrier.ee\/wp-content\/uploads\/2021\/08\/DSC_0784-256x300.jpg 256w, http:\/\/terrier.ee\/wp-content\/uploads\/2021\/08\/DSC_0784.jpg 682w\" sizes=\"(max-width: 256px) 100vw, 256px\" \/><\/a>\u00a0\u00a0<a href=\"http:\/\/terrier.ee\/wp-content\/uploads\/2021\/08\/DSC_0783.jpg\"><img loading=\"lazy\" decoding=\"async\" class=\"alignnone size-medium wp-image-1664\" src=\"http:\/\/terrier.ee\/wp-content\/uploads\/2021\/08\/DSC_0783-208x300.jpg\" alt=\"\" width=\"208\" height=\"300\" srcset=\"http:\/\/terrier.ee\/wp-content\/uploads\/2021\/08\/DSC_0783-208x300.jpg 208w, http:\/\/terrier.ee\/wp-content\/uploads\/2021\/08\/DSC_0783.jpg 554w\" sizes=\"(max-width: 208px) 100vw, 208px\" \/><\/a><\/p>\n<p>&nbsp;<\/p>\n<p style=\"text-align: center;\"><span style=\"color: #0000ff;\"><strong>PARIM EESTIS S\u00dcNDINUD KUTSIKAS<\/strong><\/span><\/p>\n<p style=\"text-align: center;\"><strong>\u0160oti terjer &#8211;\u00a0<span style=\"color: #ff0000;\">SHELLKIT DARK MANDALORIAN<\/span>, om. Anu V\u00e4li, Eesti<\/strong><\/p>\n<p>&nbsp;<\/p>\n<p style=\"text-align: center;\"><span style=\"color: #00ff00;\"><strong>BEST IN SHOW JUUNIOR<\/strong><\/span><br \/>\n<span style=\"color: #00ff00;\"><strong>Kohtunik pr. Maite Gonzablo Lorenzo<\/strong><\/span><\/p>\n<p>&nbsp;<\/p>\n<p><strong>1.Jack Russell`i terjer &#8211;\u00a0<span style=\"color: #ff0000;\">KASZAVOLGYI-FURGE NUGGET<\/span>, om. Irina Mali\u0161a, L\u00e4ti<\/strong><br \/>\n<strong>2. West Highlandi terjer &#8211;\u00a0<span style=\"color: #ff0000;\">WINTERO&#8217;S ATTENTION ALEXA<\/span>, om. Svetlana Pu\u0161kina, Eesti<\/strong><br \/>\n<strong>3. \u0160oti terjer &#8211;\u00a0<span style=\"color: #ff0000;\">SHELLKIT CALDEIRA VULCANICA<\/span>, om. Ave Kareda, Eesti<\/strong><br \/>\n<strong>4. Kerry Blue terjer &#8211;\u00a0<span style=\"color: #ff0000;\">AVALANCHE EIRE-KERRY MENDELSSOHN<\/span>, om. Veronika Dohina, Eesti<\/strong><\/p>\n<p><a href=\"http:\/\/terrier.ee\/wp-content\/uploads\/2021\/08\/DSC_0802.jpg\"><img loading=\"lazy\" decoding=\"async\" class=\"alignnone size-medium wp-image-1669\" src=\"http:\/\/terrier.ee\/wp-content\/uploads\/2021\/08\/DSC_0802-267x300.jpg\" alt=\"\" width=\"267\" height=\"300\" srcset=\"http:\/\/terrier.ee\/wp-content\/uploads\/2021\/08\/DSC_0802-267x300.jpg 267w, http:\/\/terrier.ee\/wp-content\/uploads\/2021\/08\/DSC_0802.jpg 713w\" sizes=\"(max-width: 267px) 100vw, 267px\" \/><\/a>\u00a0\u00a0<a href=\"http:\/\/terrier.ee\/wp-content\/uploads\/2021\/08\/DSC_0804.jpg\"><img loading=\"lazy\" decoding=\"async\" class=\"alignnone size-medium wp-image-1670\" src=\"http:\/\/terrier.ee\/wp-content\/uploads\/2021\/08\/DSC_0804-247x300.jpg\" alt=\"\" width=\"247\" height=\"300\" srcset=\"http:\/\/terrier.ee\/wp-content\/uploads\/2021\/08\/DSC_0804-247x300.jpg 247w, http:\/\/terrier.ee\/wp-content\/uploads\/2021\/08\/DSC_0804.jpg 658w\" sizes=\"(max-width: 247px) 100vw, 247px\" \/><\/a>\u00a0\u00a0<a href=\"http:\/\/terrier.ee\/wp-content\/uploads\/2021\/08\/DSC_0805.jpg\"><img loading=\"lazy\" decoding=\"async\" class=\"alignnone size-medium wp-image-1671\" src=\"http:\/\/terrier.ee\/wp-content\/uploads\/2021\/08\/DSC_0805-265x300.jpg\" alt=\"\" width=\"265\" height=\"300\" srcset=\"http:\/\/terrier.ee\/wp-content\/uploads\/2021\/08\/DSC_0805-265x300.jpg 265w, http:\/\/terrier.ee\/wp-content\/uploads\/2021\/08\/DSC_0805.jpg 706w\" sizes=\"(max-width: 265px) 100vw, 265px\" \/><\/a>\u00a0\u00a0<a href=\"http:\/\/terrier.ee\/wp-content\/uploads\/2021\/08\/DSC_0800.jpg\"><img loading=\"lazy\" decoding=\"async\" class=\"alignnone size-medium wp-image-1672\" src=\"http:\/\/terrier.ee\/wp-content\/uploads\/2021\/08\/DSC_0800-251x300.jpg\" alt=\"\" width=\"251\" height=\"300\" srcset=\"http:\/\/terrier.ee\/wp-content\/uploads\/2021\/08\/DSC_0800-251x300.jpg 251w, http:\/\/terrier.ee\/wp-content\/uploads\/2021\/08\/DSC_0800.jpg 668w\" sizes=\"(max-width: 251px) 100vw, 251px\" \/><\/a><\/p>\n<p>&nbsp;<\/p>\n<p style=\"text-align: center;\"><span style=\"color: #0000ff;\"><strong>PARIM EESTIS S\u00dcNDINUD JUUNIOR<\/strong><\/span><\/p>\n<p style=\"text-align: center;\"><strong>West Highlandi terjer &#8211;\u00a0<span style=\"color: #ff0000;\">WINTERO&#8217;S ATTENTION ALEXA<\/span>, om. Svetlana Pu\u0161kina, Eesti<\/strong><\/p>\n<p>&nbsp;<\/p>\n<p style=\"text-align: center;\"><span style=\"color: #00ff00;\"><strong>BEST IN SHOW VETERAN<\/strong><\/span><br \/>\n<span style=\"color: #00ff00;\"><strong>Kohtunik pr. Maria-Luise Doppelreiter<\/strong><\/span><\/p>\n<p>&nbsp;<\/p>\n<p><strong>1.Welshi terjer &#8211;\u00a0<span style=\"color: #ff0000;\">AK MIL VISTA JUBILEE JAZZ<\/span>, om. Aivi Kabur, Eesti<\/strong><br \/>\n<strong>2. Ameerika Staffordshire`i terjer &#8211;\u00a0<span style=\"color: #ff0000;\">MAGNI NOMINIS UMBRA S ALMAZNOGO OSTROVA<\/span>, om. Enely S\u00f6\u00f6t, Eesti<\/strong><br \/>\n<strong>3. Skye terjer &#8211;\u00a0<span style=\"color: #ff0000;\">JUGER EDELWEISS JOLLY JACQUELINE<\/span>, om. Julia ja Mihhail Knut, Eesti<\/strong><br \/>\n<strong>4. Jack Russell`i terjer &#8211;\u00a0<span style=\"color: #ff0000;\">HUOLETON ESTRO<\/span>, om. Krisine Maria ja Henri Siitan, Eesti<\/strong><\/p>\n<p><a href=\"http:\/\/terrier.ee\/wp-content\/uploads\/2021\/08\/DSC_0821.jpg\"><img loading=\"lazy\" decoding=\"async\" class=\"alignnone size-medium wp-image-1675\" src=\"http:\/\/terrier.ee\/wp-content\/uploads\/2021\/08\/DSC_0821-243x300.jpg\" alt=\"\" width=\"243\" height=\"300\" srcset=\"http:\/\/terrier.ee\/wp-content\/uploads\/2021\/08\/DSC_0821-243x300.jpg 243w, http:\/\/terrier.ee\/wp-content\/uploads\/2021\/08\/DSC_0821.jpg 649w\" sizes=\"(max-width: 243px) 100vw, 243px\" \/><\/a>\u00a0 <a href=\"http:\/\/terrier.ee\/wp-content\/uploads\/2021\/08\/239913121_4586718164681419_7626923955972705134_n.jpg\"><img loading=\"lazy\" decoding=\"async\" class=\"alignnone size-medium wp-image-1678\" src=\"http:\/\/terrier.ee\/wp-content\/uploads\/2021\/08\/239913121_4586718164681419_7626923955972705134_n-206x300.jpg\" alt=\"\" width=\"206\" height=\"300\" srcset=\"http:\/\/terrier.ee\/wp-content\/uploads\/2021\/08\/239913121_4586718164681419_7626923955972705134_n-206x300.jpg 206w, http:\/\/terrier.ee\/wp-content\/uploads\/2021\/08\/239913121_4586718164681419_7626923955972705134_n-768x1117.jpg 768w, http:\/\/terrier.ee\/wp-content\/uploads\/2021\/08\/239913121_4586718164681419_7626923955972705134_n-704x1024.jpg 704w, http:\/\/terrier.ee\/wp-content\/uploads\/2021\/08\/239913121_4586718164681419_7626923955972705134_n.jpg 1385w\" sizes=\"(max-width: 206px) 100vw, 206px\" \/><\/a>\u00a0\u00a0<a href=\"http:\/\/terrier.ee\/wp-content\/uploads\/2021\/08\/DSC_0816.jpg\"><img loading=\"lazy\" decoding=\"async\" class=\"alignnone size-medium wp-image-1676\" src=\"http:\/\/terrier.ee\/wp-content\/uploads\/2021\/08\/DSC_0816-239x300.jpg\" alt=\"\" width=\"239\" height=\"300\" srcset=\"http:\/\/terrier.ee\/wp-content\/uploads\/2021\/08\/DSC_0816-239x300.jpg 239w, http:\/\/terrier.ee\/wp-content\/uploads\/2021\/08\/DSC_0816.jpg 636w\" sizes=\"(max-width: 239px) 100vw, 239px\" \/><\/a>\u00a0\u00a0<a href=\"http:\/\/terrier.ee\/wp-content\/uploads\/2021\/08\/DSC_0814.jpg\"><img loading=\"lazy\" decoding=\"async\" class=\"alignnone size-medium wp-image-1677\" src=\"http:\/\/terrier.ee\/wp-content\/uploads\/2021\/08\/DSC_0814-232x300.jpg\" alt=\"\" width=\"232\" height=\"300\" srcset=\"http:\/\/terrier.ee\/wp-content\/uploads\/2021\/08\/DSC_0814-232x300.jpg 232w, http:\/\/terrier.ee\/wp-content\/uploads\/2021\/08\/DSC_0814.jpg 619w\" sizes=\"(max-width: 232px) 100vw, 232px\" \/><\/a><\/p>\n<p>&nbsp;<\/p>\n<p style=\"text-align: center;\"><span style=\"color: #0000ff;\"><strong>PARIM EESTIS S\u00dcNDINUD VETERAN<\/strong><\/span><\/p>\n<p style=\"text-align: center;\"><strong>Welshi terjer &#8211;\u00a0<span style=\"color: #ff0000;\">AK MIL VISTA JUBILEE JAZZ<\/span>, om. Aivi Kabur, Eesti<\/strong><\/p>\n<p>&nbsp;<\/p>\n<p style=\"text-align: center;\"><span style=\"color: #00ff00;\"><strong>BEST IN SHOW KASVATAJA<\/strong><\/span><br \/>\n<span style=\"color: #00ff00;\"><strong>Kohtunik pr. Maite Gonzablo Lorenzo<\/strong><\/span><\/p>\n<p>&nbsp;<\/p>\n<p><strong>1.Skye terjer &#8211;\u00a0<span style=\"color: #ff0000;\">JUGER EDELWEISS<\/span>, om. Julia ja Mihhail Knut, Eesti<\/strong><br \/>\n<strong>2. Jack Russell`i terjer &#8211;\u00a0<span style=\"color: #ff0000;\">KASZAVOLGYI-FURGE<\/span>, om.\u00a0J\u00f6zsef Faradi, Ungari<\/strong><br \/>\n<strong>3. Welshi terjer &#8211;\u00a0<span style=\"color: #ff0000;\">AK MIL VISTA<\/span>, om. Anu-Sirje Keerd, Eesti<\/strong><br \/>\n<strong>4. Austraalia siiditerjer &#8211;\u00a0<span style=\"color: #ff0000;\">PET PURSUIT<\/span>, om. Jenna Timonen, Soome<\/strong><\/p>\n<p><a href=\"http:\/\/terrier.ee\/wp-content\/uploads\/2021\/08\/DSC_0834.jpg\"><img loading=\"lazy\" decoding=\"async\" class=\"alignnone size-medium wp-image-1682\" src=\"http:\/\/terrier.ee\/wp-content\/uploads\/2021\/08\/DSC_0834-294x300.jpg\" alt=\"\" width=\"294\" height=\"300\" srcset=\"http:\/\/terrier.ee\/wp-content\/uploads\/2021\/08\/DSC_0834-294x300.jpg 294w, http:\/\/terrier.ee\/wp-content\/uploads\/2021\/08\/DSC_0834-768x784.jpg 768w, http:\/\/terrier.ee\/wp-content\/uploads\/2021\/08\/DSC_0834.jpg 784w\" sizes=\"(max-width: 294px) 100vw, 294px\" \/><\/a>\u00a0\u00a0<a href=\"http:\/\/terrier.ee\/wp-content\/uploads\/2021\/08\/DSC_0830.jpg\"><img loading=\"lazy\" decoding=\"async\" class=\"alignnone size-medium wp-image-1683\" src=\"http:\/\/terrier.ee\/wp-content\/uploads\/2021\/08\/DSC_0830-279x300.jpg\" alt=\"\" width=\"279\" height=\"300\" srcset=\"http:\/\/terrier.ee\/wp-content\/uploads\/2021\/08\/DSC_0830-279x300.jpg 279w, http:\/\/terrier.ee\/wp-content\/uploads\/2021\/08\/DSC_0830.jpg 743w\" sizes=\"(max-width: 279px) 100vw, 279px\" \/><\/a>\u00a0\u00a0<a href=\"http:\/\/terrier.ee\/wp-content\/uploads\/2021\/08\/DSC_0828.jpg\"><img loading=\"lazy\" decoding=\"async\" class=\"alignnone size-medium wp-image-1684\" src=\"http:\/\/terrier.ee\/wp-content\/uploads\/2021\/08\/DSC_0828-244x300.jpg\" alt=\"\" width=\"244\" height=\"300\" srcset=\"http:\/\/terrier.ee\/wp-content\/uploads\/2021\/08\/DSC_0828-244x300.jpg 244w, http:\/\/terrier.ee\/wp-content\/uploads\/2021\/08\/DSC_0828.jpg 650w\" sizes=\"(max-width: 244px) 100vw, 244px\" \/><\/a>\u00a0\u00a0<a href=\"http:\/\/terrier.ee\/wp-content\/uploads\/2021\/08\/DSC_0824.jpg\"><img loading=\"lazy\" decoding=\"async\" class=\"alignnone size-medium wp-image-1685\" src=\"http:\/\/terrier.ee\/wp-content\/uploads\/2021\/08\/DSC_0824-270x300.jpg\" alt=\"\" width=\"270\" height=\"300\" srcset=\"http:\/\/terrier.ee\/wp-content\/uploads\/2021\/08\/DSC_0824-270x300.jpg 270w, http:\/\/terrier.ee\/wp-content\/uploads\/2021\/08\/DSC_0824.jpg 720w\" sizes=\"(max-width: 270px) 100vw, 270px\" \/><\/a><\/p>\n<p>&nbsp;<\/p>\n<p style=\"text-align: center;\"><span style=\"color: #0000ff;\"><strong>PARIM EESTI KASVATAJA<\/strong><\/span><\/p>\n<p style=\"text-align: center;\"><strong>Skye terjer &#8211;\u00a0<span style=\"color: #ff0000;\">JUGER EDELWEISS<\/span>, om. Julia ja Mihhail Knut, Eesti<\/strong><\/p>\n<p>&nbsp;<\/p>\n<p style=\"text-align: center;\"><span style=\"color: #00ff00;\"><strong>BEST IN SHOW PAAR<\/strong><\/span><br \/>\n<span style=\"color: #00ff00;\"><strong>Kohtunik pr. Maite Gonzablo Lorenzo<\/strong><\/span><\/p>\n<p>&nbsp;<\/p>\n<p><strong>1.Cairni terjer &#8211;\u00a0<span style=\"color: #ff0000;\">FIDELIA AMISE CHEOPS<\/span> ja\u00a0<span class=\"b\"><span style=\"color: #ff0000;\">MIKETOS DIRTY DIANA<\/span>, om.\u00a0Andrey Usachev ja Jekaterina Romanova, Eesti<br \/>\n2. Staffordshirei bullterjer &#8211;\u00a0<span style=\"color: #ff0000;\">MOONCRAFT&#8217;S IM THE ONE<\/span> ja\u00a0<span style=\"color: #ff0000;\">MOONCRAFT&#8217;S ITS ME<\/span>, om Reili Rooden, Eesti<\/span><\/strong><\/p>\n<p><a href=\"http:\/\/terrier.ee\/wp-content\/uploads\/2021\/08\/DSC_0807.jpg\"><img loading=\"lazy\" decoding=\"async\" class=\"alignnone size-medium wp-image-1689\" src=\"http:\/\/terrier.ee\/wp-content\/uploads\/2021\/08\/DSC_0807-205x300.jpg\" alt=\"\" width=\"205\" height=\"300\" srcset=\"http:\/\/terrier.ee\/wp-content\/uploads\/2021\/08\/DSC_0807-205x300.jpg 205w, http:\/\/terrier.ee\/wp-content\/uploads\/2021\/08\/DSC_0807.jpg 546w\" sizes=\"(max-width: 205px) 100vw, 205px\" \/><\/a>\u00a0\u00a0<a href=\"http:\/\/terrier.ee\/wp-content\/uploads\/2021\/08\/DSC_0806.jpg\"><img loading=\"lazy\" decoding=\"async\" class=\"alignnone size-medium wp-image-1690\" src=\"http:\/\/terrier.ee\/wp-content\/uploads\/2021\/08\/DSC_0806-279x300.jpg\" alt=\"\" width=\"279\" height=\"300\" srcset=\"http:\/\/terrier.ee\/wp-content\/uploads\/2021\/08\/DSC_0806-279x300.jpg 279w, http:\/\/terrier.ee\/wp-content\/uploads\/2021\/08\/DSC_0806.jpg 744w\" sizes=\"(max-width: 279px) 100vw, 279px\" \/><\/a><\/p>\n<p>&nbsp;<\/p>\n<p style=\"text-align: center;\"><span style=\"color: #00ff00;\"><strong>BEST IN SHOW<\/strong><\/span><br \/>\n<span style=\"color: #00ff00;\"><strong>Kohtunik pr. Maria-Luise Doppelreiter<\/strong><\/span><\/p>\n<p>&nbsp;<\/p>\n<p><strong>1.Jack Russell`i terjer &#8211;\u00a0<span style=\"color: #ff0000;\">KASZAVOLGYI-FURGE NUGGET<\/span>, om. Irina Mali\u0161a, L\u00e4ti<\/strong><br \/>\n<strong>2. Skye terjer &#8211;\u00a0<span style=\"color: #ff0000;\">JUGER EDELWEISS KEYSTONE<\/span>, om. Julia ja Mihhail Knut, Eesti<\/strong><br \/>\n<strong>3. Dandie Dinmonti terjer &#8211;\u00a0<span style=\"color: #ff0000;\">DANCHESTER&#8217;S QUALITY APPROVED<\/span>, om. Kristine Maria Siitan, Eesti<\/strong><br \/>\n<strong>4. \u0160oti terjer &#8211;\u00a0<span style=\"color: #ff0000;\">SHELLKIT AVE ANNE<\/span>, om. K\u00fclliki Kaju ja Karl Eerik Kaju, Eesti<\/strong><\/p>\n<p><a href=\"http:\/\/terrier.ee\/wp-content\/uploads\/2021\/08\/DSC_0871.jpg\"><img loading=\"lazy\" decoding=\"async\" class=\"alignnone  wp-image-1693\" src=\"http:\/\/terrier.ee\/wp-content\/uploads\/2021\/08\/DSC_0871-300x287.jpg\" alt=\"\" width=\"286\" height=\"274\" srcset=\"http:\/\/terrier.ee\/wp-content\/uploads\/2021\/08\/DSC_0871-300x287.jpg 300w, http:\/\/terrier.ee\/wp-content\/uploads\/2021\/08\/DSC_0871-768x733.jpg 768w, http:\/\/terrier.ee\/wp-content\/uploads\/2021\/08\/DSC_0871.jpg 800w\" sizes=\"(max-width: 286px) 100vw, 286px\" \/><\/a>\u00a0\u00a0<a href=\"http:\/\/terrier.ee\/wp-content\/uploads\/2021\/08\/DSC_0875.jpg\"><img loading=\"lazy\" decoding=\"async\" class=\"alignnone  wp-image-1694\" src=\"http:\/\/terrier.ee\/wp-content\/uploads\/2021\/08\/DSC_0875-273x300.jpg\" alt=\"\" width=\"254\" height=\"279\" srcset=\"http:\/\/terrier.ee\/wp-content\/uploads\/2021\/08\/DSC_0875-273x300.jpg 273w, http:\/\/terrier.ee\/wp-content\/uploads\/2021\/08\/DSC_0875.jpg 729w\" sizes=\"(max-width: 254px) 100vw, 254px\" \/><\/a>\u00a0\u00a0<a href=\"http:\/\/terrier.ee\/wp-content\/uploads\/2021\/08\/DSC_0891.jpg\"><img loading=\"lazy\" decoding=\"async\" class=\"alignnone  wp-image-1695\" src=\"http:\/\/terrier.ee\/wp-content\/uploads\/2021\/08\/DSC_0891-300x297.jpg\" alt=\"\" width=\"281\" height=\"278\" srcset=\"http:\/\/terrier.ee\/wp-content\/uploads\/2021\/08\/DSC_0891-300x297.jpg 300w, http:\/\/terrier.ee\/wp-content\/uploads\/2021\/08\/DSC_0891-768x759.jpg 768w, http:\/\/terrier.ee\/wp-content\/uploads\/2021\/08\/DSC_0891.jpg 800w\" sizes=\"(max-width: 281px) 100vw, 281px\" \/><\/a>\u00a0\u00a0<a href=\"http:\/\/terrier.ee\/wp-content\/uploads\/2021\/08\/DSC_0901.jpg\"><img loading=\"lazy\" decoding=\"async\" class=\"alignnone  wp-image-1696\" src=\"http:\/\/terrier.ee\/wp-content\/uploads\/2021\/08\/DSC_0901-298x300.jpg\" alt=\"\" width=\"284\" height=\"286\" srcset=\"http:\/\/terrier.ee\/wp-content\/uploads\/2021\/08\/DSC_0901-298x300.jpg 298w, http:\/\/terrier.ee\/wp-content\/uploads\/2021\/08\/DSC_0901-150x150.jpg 150w, http:\/\/terrier.ee\/wp-content\/uploads\/2021\/08\/DSC_0901-768x774.jpg 768w, http:\/\/terrier.ee\/wp-content\/uploads\/2021\/08\/DSC_0901.jpg 794w\" sizes=\"(max-width: 284px) 100vw, 284px\" \/><\/a><\/p>\n<p>&nbsp;<\/p>\n<p style=\"text-align: center;\"><span style=\"color: #0000ff;\"><strong>PARIM EESTIS S\u00dcNDINUD TERJER<\/strong><\/span><\/p>\n<p style=\"text-align: center;\"><strong>Skye terjer &#8211;\u00a0<span style=\"color: #ff0000;\">JUGER EDELWEISS KEYSTONE<\/span>, om. Julia ja Mihhail Knut, Eesti<\/strong><\/p>\n<p>&nbsp;<\/p>\n","protected":false},"excerpt":{"rendered":"<p>49. ERIN\u00c4ITUS BALTER V\u00d5ITJA 2021 22.08.2021 \u00dcle 3e aasta suurim erin\u00e4itus on edukalt peetud ja \u00f5nnitleme k\u00f5iki osalejaid ja muidugi v\u00f5itjaid! Meie austatud kohtunikud pr Maite Gonzablo Lorenzo Hispaaniast ja pr Maria-Luise Doppelreiter Austriast valisid n\u00e4ituse kaunimaks terjeriks Jack Russell`i terjer\u00a0 KASZAVOLGYI-FURGE NUGGET L\u00e4tist.\u00a0 T\u00c4ISTULEMUSED &nbsp; BEST IN SHOW BEEBI Kohtunik pr. Maite Gonzablo Lorenzo <a class=\"read-more\" href=\"https:\/\/www.terrier.ee\/index.php\/49-erinaitus-balter-voitja-2021\/\">Read More<\/a><\/p>\n","protected":false},"author":1,"featured_media":0,"parent":0,"menu_order":0,"comment_status":"closed","ping_status":"closed","template":"template-full-width.php","meta":{"footnotes":""},"class_list":["post-1647","page","type-page","status-publish","hentry"],"_links":{"self":[{"href":"https:\/\/www.terrier.ee\/index.php\/wp-json\/wp\/v2\/pages\/1647"}],"collection":[{"href":"https:\/\/www.terrier.ee\/index.php\/wp-json\/wp\/v2\/pages"}],"about":[{"href":"https:\/\/www.terrier.ee\/index.php\/wp-json\/wp\/v2\/types\/page"}],"author":[{"embeddable":true,"href":"https:\/\/www.terrier.ee\/index.php\/wp-json\/wp\/v2\/users\/1"}],"replies":[{"embeddable":true,"href":"https:\/\/www.terrier.ee\/index.php\/wp-json\/wp\/v2\/comments?post=1647"}],"version-history":[{"count":5,"href":"https:\/\/www.terrier.ee\/index.php\/wp-json\/wp\/v2\/pages\/1647\/revisions"}],"predecessor-version":[{"id":1699,"href":"https:\/\/www.terrier.ee\/index.php\/wp-json\/wp\/v2\/pages\/1647\/revisions\/1699"}],"wp:attachment":[{"href":"https:\/\/www.terrier.ee\/index.php\/wp-json\/wp\/v2\/media?parent=1647"}],"curies":[{"name":"wp","href":"https:\/\/api.w.org\/{rel}","templated":true}]}}