{"id":2294,"date":"2024-04-21T15:33:02","date_gmt":"2024-04-21T15:33:02","guid":{"rendered":"http:\/\/terrier.ee\/?page_id=2294"},"modified":"2024-04-21T19:29:16","modified_gmt":"2024-04-21T19:29:16","slug":"54-erinaitus","status":"publish","type":"page","link":"https:\/\/www.terrier.ee\/index.php\/54-erinaitus\/","title":{"rendered":"54. ERIN\u00c4ITUS"},"content":{"rendered":"<p style=\"text-align: center;\"><strong>14.04.2024 Tallinna Heleni koolis<\/strong><\/p>\n<p style=\"text-align: center;\"><strong>Kohtunikud:<br \/>\nHr. Karlis Hallik &#8211; kutsikad ja kutsikate Best In Show<\/strong><br \/>\n<strong>Pr. Livia Zizevske &#8211; k\u00f5ik \u00fclej\u00e4\u00e4nud klassid ja l\u00f5ppv\u00f5istlused<\/strong><\/p>\n<p>&nbsp;<\/p>\n<p style=\"text-align: center;\"><a href=\"https:\/\/online.kennelliit.ee\/show\/show.php?mode=full&amp;show=1138&amp;lang=0\" target=\"_blank\" rel=\"noopener\"><strong>ONLINE TULEMUSED<\/strong><\/a><\/p>\n<p style=\"text-align: center;\"><a href=\"https:\/\/terrier.ee\/gallery\/index.php?sfpg=MDI4LS01NC5lcmluw6RpdHVzLyoqOThmNjgzNDc1NDc4YzhiYzM2NDAzY2ZjNzk0ODAwYjgzNmM3NTBjYzc3MWVmNDU0Mjg5NWQwMmIzODI3NTkyYw\" target=\"_blank\" rel=\"noopener\"><strong>GALERII<\/strong><\/a><\/p>\n<p style=\"text-align: center;\"><strong><span style=\"color: #00ff00;\">BEST IN SHOW KUTSIKAD<\/span><br \/>\nKohtunik hr. Karlis Hallik<\/strong><\/p>\n<p>&nbsp;<\/p>\n<p><strong>1.Cairni terjer &#8211;\u00a0<span class=\"b\"><span style=\"color: #ff0000;\">ZALAZAR GALLIANO<\/span>, om.\u00a0<\/span>Anu-Sirje Keerd, Eesti<\/strong><br \/>\n<strong>2. Jack russelli terjer &#8211;\u00a0<span class=\"b\"><span style=\"color: #ff0000;\">LEXBERRY&#8217;S NEED FOR SPEED MR TRIKK<\/span>, om.\u00a0<\/span>Kelly Niinas, Eesti<\/strong><br \/>\n<strong>3. Iiri glen of imaali terjer &#8211;\u00a0<span class=\"b\"><span style=\"color: #ff0000;\">GLEANN FELICIA<\/span>, om.\u00a0<\/span>Heidi Koivisto, Soome<\/strong><br \/>\n<strong>4. K\u00e4\u00e4bus bullterjer &#8211;\u00a0<span class=\"b\"><span style=\"color: #ff0000;\">POTSU DE NOTSU TIME TO CELEBRATE<\/span>, om.\u00a0<\/span>Anastasija Bulatova &amp; Margot Oder, Eesti<\/strong><\/p>\n<p>&nbsp;<\/p>\n<p><a href=\"http:\/\/terrier.ee\/wp-content\/uploads\/2024\/04\/DSC6298-EDIT.jpg\"><img loading=\"lazy\" decoding=\"async\" class=\"aligncenter wp-image-2301\" src=\"http:\/\/terrier.ee\/wp-content\/uploads\/2024\/04\/DSC6298-EDIT.jpg\" alt=\"\" width=\"742\" height=\"366\" srcset=\"https:\/\/www.terrier.ee\/wp-content\/uploads\/2024\/04\/DSC6298-EDIT.jpg 1320w, https:\/\/www.terrier.ee\/wp-content\/uploads\/2024\/04\/DSC6298-EDIT-300x148.jpg 300w, https:\/\/www.terrier.ee\/wp-content\/uploads\/2024\/04\/DSC6298-EDIT-768x378.jpg 768w, https:\/\/www.terrier.ee\/wp-content\/uploads\/2024\/04\/DSC6298-EDIT-1024x504.jpg 1024w\" sizes=\"(max-width: 742px) 100vw, 742px\" \/><\/a><\/p>\n<p>&nbsp;<\/p>\n<p style=\"text-align: center;\"><span style=\"color: #0000ff;\"><strong>PARIM EESTIS S\u00dcNDINUD KUTSIKAS<\/strong><\/span><\/p>\n<p style=\"text-align: center;\"><strong>Jack russelli terjer &#8211;\u00a0<span class=\"b\"><span style=\"color: #ff0000;\">LEXBERRY&#8217;S NEED FOR SPEED MR TRIKK<\/span>, om.\u00a0<\/span>Kelly Niinas, Eesti<\/strong><\/p>\n<p><a href=\"http:\/\/terrier.ee\/wp-content\/uploads\/2024\/04\/DSC6285-EDIT.jpg\"><img loading=\"lazy\" decoding=\"async\" class=\"aligncenter wp-image-2302\" src=\"http:\/\/terrier.ee\/wp-content\/uploads\/2024\/04\/DSC6285-EDIT.jpg\" alt=\"\" width=\"357\" height=\"464\" srcset=\"https:\/\/www.terrier.ee\/wp-content\/uploads\/2024\/04\/DSC6285-EDIT.jpg 1080w, https:\/\/www.terrier.ee\/wp-content\/uploads\/2024\/04\/DSC6285-EDIT-231x300.jpg 231w, https:\/\/www.terrier.ee\/wp-content\/uploads\/2024\/04\/DSC6285-EDIT-768x998.jpg 768w, https:\/\/www.terrier.ee\/wp-content\/uploads\/2024\/04\/DSC6285-EDIT-788x1024.jpg 788w\" sizes=\"(max-width: 357px) 100vw, 357px\" \/><\/a><\/p>\n<p>&nbsp;<\/p>\n<p style=\"text-align: center;\"><span style=\"color: #00ff00;\"><strong>BEST IN SHOW JUUNIOR<\/strong><\/span><br \/>\n<strong>Kohtunik pr Livia Zizevske<\/strong><\/p>\n<p>&nbsp;<\/p>\n<p><strong>1.Parson russelli terjer &#8211;\u00a0<span class=\"b\"><span style=\"color: #ff0000;\">FR\u00d6KEN FR\u00c4KENS RUUTH HOOLM<\/span>, om.\u00a0<\/span>Eeva Moilanen &amp; Sari Toikkanen, Soome<\/strong><br \/>\n<strong>2. Iiri glen of imaali terjer &#8211;\u00a0<span class=\"b\"><span style=\"color: #ff0000;\">FINNABAIR NOT MY FIRST RODEO AT GLEANN<\/span>, om.\u00a0<\/span>Tiina Assinen, Soome<\/strong><br \/>\n<strong>3. Austraalia terjer &#8211;\u00a0<span class=\"b\"><span style=\"color: #ff0000;\">NELLYSON\u2019S KNICK KNACK PADDYWACK<\/span>, om.\u00a0<\/span>Seppo Ihonen &amp; Saija Reiman-Walld\u00e9n &amp; Tuija Katajam\u00e4ki, Soome<\/strong><br \/>\n<strong>4. Welshi terjer &#8211;\u00a0<span class=\"b\"><span style=\"color: #ff0000;\">AK MIL VISTA JUST DREAM IT<\/span>, om.\u00a0<\/span>Anu-Sirje Keerd, Eesti<\/strong><\/p>\n<p>&nbsp;<\/p>\n<p><a href=\"http:\/\/terrier.ee\/wp-content\/uploads\/2024\/04\/DSC6512-EDIT.jpg\"><img loading=\"lazy\" decoding=\"async\" class=\"alignnone wp-image-2308\" src=\"http:\/\/terrier.ee\/wp-content\/uploads\/2024\/04\/DSC6512-EDIT.jpg\" alt=\"\" width=\"260\" height=\"317\" srcset=\"https:\/\/www.terrier.ee\/wp-content\/uploads\/2024\/04\/DSC6512-EDIT.jpg 928w, https:\/\/www.terrier.ee\/wp-content\/uploads\/2024\/04\/DSC6512-EDIT-246x300.jpg 246w, https:\/\/www.terrier.ee\/wp-content\/uploads\/2024\/04\/DSC6512-EDIT-768x937.jpg 768w, https:\/\/www.terrier.ee\/wp-content\/uploads\/2024\/04\/DSC6512-EDIT-839x1024.jpg 839w\" sizes=\"(max-width: 260px) 100vw, 260px\" \/>\u00a0\u00a0<\/a><a href=\"http:\/\/terrier.ee\/wp-content\/uploads\/2024\/04\/DSC6515-EDIT.jpg\"><img loading=\"lazy\" decoding=\"async\" class=\"alignnone wp-image-2309\" src=\"http:\/\/terrier.ee\/wp-content\/uploads\/2024\/04\/DSC6515-EDIT.jpg\" alt=\"\" width=\"219\" height=\"312\" srcset=\"https:\/\/www.terrier.ee\/wp-content\/uploads\/2024\/04\/DSC6515-EDIT.jpg 843w, https:\/\/www.terrier.ee\/wp-content\/uploads\/2024\/04\/DSC6515-EDIT-210x300.jpg 210w, https:\/\/www.terrier.ee\/wp-content\/uploads\/2024\/04\/DSC6515-EDIT-768x1095.jpg 768w, https:\/\/www.terrier.ee\/wp-content\/uploads\/2024\/04\/DSC6515-EDIT-718x1024.jpg 718w\" sizes=\"(max-width: 219px) 100vw, 219px\" \/>\u00a0\u00a0<\/a><a href=\"http:\/\/terrier.ee\/wp-content\/uploads\/2024\/04\/DSC6519.jpg\"><img loading=\"lazy\" decoding=\"async\" class=\"alignnone wp-image-2310\" src=\"http:\/\/terrier.ee\/wp-content\/uploads\/2024\/04\/DSC6519.jpg\" alt=\"\" width=\"255\" height=\"310\" srcset=\"https:\/\/www.terrier.ee\/wp-content\/uploads\/2024\/04\/DSC6519.jpg 889w, https:\/\/www.terrier.ee\/wp-content\/uploads\/2024\/04\/DSC6519-247x300.jpg 247w, https:\/\/www.terrier.ee\/wp-content\/uploads\/2024\/04\/DSC6519-768x932.jpg 768w, https:\/\/www.terrier.ee\/wp-content\/uploads\/2024\/04\/DSC6519-844x1024.jpg 844w\" sizes=\"(max-width: 255px) 100vw, 255px\" \/>\u00a0\u00a0<\/a><a href=\"http:\/\/terrier.ee\/wp-content\/uploads\/2024\/04\/DSC6523.jpg\"><img loading=\"lazy\" decoding=\"async\" class=\"alignnone wp-image-2311\" src=\"http:\/\/terrier.ee\/wp-content\/uploads\/2024\/04\/DSC6523.jpg\" alt=\"\" width=\"266\" height=\"349\" srcset=\"https:\/\/www.terrier.ee\/wp-content\/uploads\/2024\/04\/DSC6523.jpg 886w, https:\/\/www.terrier.ee\/wp-content\/uploads\/2024\/04\/DSC6523-229x300.jpg 229w, https:\/\/www.terrier.ee\/wp-content\/uploads\/2024\/04\/DSC6523-768x1008.jpg 768w, https:\/\/www.terrier.ee\/wp-content\/uploads\/2024\/04\/DSC6523-780x1024.jpg 780w\" sizes=\"(max-width: 266px) 100vw, 266px\" \/><\/a><\/p>\n<p>&nbsp;<\/p>\n<p>&nbsp;<\/p>\n<p style=\"text-align: center;\"><span style=\"color: #0000ff;\"><strong>PARIM EESTIS S\u00dcNDINUD JUUNIOR<\/strong><\/span><\/p>\n<p style=\"text-align: center;\"><strong>Welshi terjer &#8211;\u00a0<span class=\"b\"><span style=\"color: #ff0000;\">AK MIL VISTA JUST DREAM IT<\/span>, om.\u00a0<\/span>Anu-Sirje Keerd, Eesti<\/strong><\/p>\n<p>&nbsp;<\/p>\n<p><a href=\"http:\/\/terrier.ee\/wp-content\/uploads\/2024\/04\/DSC6408.jpg\"><img loading=\"lazy\" decoding=\"async\" class=\"wp-image-2314 aligncenter\" src=\"http:\/\/terrier.ee\/wp-content\/uploads\/2024\/04\/DSC6408.jpg\" alt=\"\" width=\"482\" height=\"386\" srcset=\"https:\/\/www.terrier.ee\/wp-content\/uploads\/2024\/04\/DSC6408.jpg 1250w, https:\/\/www.terrier.ee\/wp-content\/uploads\/2024\/04\/DSC6408-300x240.jpg 300w, https:\/\/www.terrier.ee\/wp-content\/uploads\/2024\/04\/DSC6408-768x614.jpg 768w, https:\/\/www.terrier.ee\/wp-content\/uploads\/2024\/04\/DSC6408-1024x819.jpg 1024w\" sizes=\"(max-width: 482px) 100vw, 482px\" \/><\/a><\/p>\n<p>&nbsp;<\/p>\n<p style=\"text-align: center;\"><span style=\"color: #00ff00;\"><strong>BEST IN SHOW VETERAN<\/strong><\/span><br \/>\n<strong>Kohtunuk pr. Livia Zizevske<\/strong><\/p>\n<p>&nbsp;<\/p>\n<p><strong>1.Bullterjer &#8211;\u00a0<span style=\"color: #ff0000;\">TEOBALT STERNE-HELD<\/span>, om. Aljo P\u00e4rn, Eesti<\/strong><br \/>\n<strong>2. Austraalia terjer &#8211;\u00a0<span class=\"b\"><span style=\"color: #ff0000;\">FINSWENG T\u00c4YSTUHO<\/span>, om.\u00a0<\/span>Taina Laine, Soome<\/strong><br \/>\n<strong>3. Vene must terjer &#8211;<span class=\"b\"><span style=\"color: #ff0000;\">BATAR DETI ARBATA<\/span>, om.\u00a0<\/span>Mihails Babula &amp; Oksana Babula, L\u00e4ti<\/strong><br \/>\n<strong>4. Airedalei terjer &#8211;\u00a0<span class=\"b\"><span style=\"color: #ff0000;\">SHELLKIT COSMO SHERATON<\/span>, om.\u00a0<\/span>Piret Brett, Eesti<\/strong><\/p>\n<p>&nbsp;<\/p>\n<p><a href=\"http:\/\/terrier.ee\/wp-content\/uploads\/2024\/04\/DSC6526.jpg\"><img loading=\"lazy\" decoding=\"async\" class=\"alignnone wp-image-2318\" src=\"http:\/\/terrier.ee\/wp-content\/uploads\/2024\/04\/DSC6526.jpg\" alt=\"\" width=\"265\" height=\"304\" srcset=\"https:\/\/www.terrier.ee\/wp-content\/uploads\/2024\/04\/DSC6526.jpg 1019w, https:\/\/www.terrier.ee\/wp-content\/uploads\/2024\/04\/DSC6526-261x300.jpg 261w, https:\/\/www.terrier.ee\/wp-content\/uploads\/2024\/04\/DSC6526-768x883.jpg 768w, https:\/\/www.terrier.ee\/wp-content\/uploads\/2024\/04\/DSC6526-891x1024.jpg 891w\" sizes=\"(max-width: 265px) 100vw, 265px\" \/>\u00a0\u00a0<\/a><a href=\"http:\/\/terrier.ee\/wp-content\/uploads\/2024\/04\/DSC6530.jpg\"><img loading=\"lazy\" decoding=\"async\" class=\"alignnone wp-image-2319\" src=\"http:\/\/terrier.ee\/wp-content\/uploads\/2024\/04\/DSC6530.jpg\" alt=\"\" width=\"241\" height=\"306\" srcset=\"https:\/\/www.terrier.ee\/wp-content\/uploads\/2024\/04\/DSC6530.jpg 1007w, https:\/\/www.terrier.ee\/wp-content\/uploads\/2024\/04\/DSC6530-236x300.jpg 236w, https:\/\/www.terrier.ee\/wp-content\/uploads\/2024\/04\/DSC6530-768x975.jpg 768w, https:\/\/www.terrier.ee\/wp-content\/uploads\/2024\/04\/DSC6530-807x1024.jpg 807w\" sizes=\"(max-width: 241px) 100vw, 241px\" \/>\u00a0\u00a0<\/a><a href=\"http:\/\/terrier.ee\/wp-content\/uploads\/2024\/04\/DSC6535.jpg\"><img loading=\"lazy\" decoding=\"async\" class=\"alignnone wp-image-2320\" src=\"http:\/\/terrier.ee\/wp-content\/uploads\/2024\/04\/DSC6535.jpg\" alt=\"\" width=\"271\" height=\"308\" srcset=\"https:\/\/www.terrier.ee\/wp-content\/uploads\/2024\/04\/DSC6535.jpg 1080w, https:\/\/www.terrier.ee\/wp-content\/uploads\/2024\/04\/DSC6535-264x300.jpg 264w, https:\/\/www.terrier.ee\/wp-content\/uploads\/2024\/04\/DSC6535-768x871.jpg 768w, https:\/\/www.terrier.ee\/wp-content\/uploads\/2024\/04\/DSC6535-903x1024.jpg 903w\" sizes=\"(max-width: 271px) 100vw, 271px\" \/>\u00a0\u00a0<\/a><a href=\"http:\/\/terrier.ee\/wp-content\/uploads\/2024\/04\/DSC6537.jpg\"><img loading=\"lazy\" decoding=\"async\" class=\"alignnone wp-image-2321\" src=\"http:\/\/terrier.ee\/wp-content\/uploads\/2024\/04\/DSC6537.jpg\" alt=\"\" width=\"222\" height=\"310\" srcset=\"https:\/\/www.terrier.ee\/wp-content\/uploads\/2024\/04\/DSC6537.jpg 876w, https:\/\/www.terrier.ee\/wp-content\/uploads\/2024\/04\/DSC6537-214x300.jpg 214w, https:\/\/www.terrier.ee\/wp-content\/uploads\/2024\/04\/DSC6537-768x1075.jpg 768w, https:\/\/www.terrier.ee\/wp-content\/uploads\/2024\/04\/DSC6537-732x1024.jpg 732w\" sizes=\"(max-width: 222px) 100vw, 222px\" \/><\/a><\/p>\n<p style=\"text-align: center;\"><span style=\"color: #0000ff;\"><strong>PARIM EESTIS S\u00dcNDINUD VETERAN<\/strong><\/span><\/p>\n<p style=\"text-align: center;\"><strong>Airedalei terjer &#8211;\u00a0<span class=\"b\"><span style=\"color: #ff0000;\">SHELLKIT COSMO SHERATON<\/span>, om.\u00a0<\/span>Piret Brett, Eesti<\/strong><\/p>\n<p><a href=\"http:\/\/terrier.ee\/wp-content\/uploads\/2024\/04\/DSC6405-EDIT.jpg\"><img loading=\"lazy\" decoding=\"async\" class=\"wp-image-2324 aligncenter\" src=\"http:\/\/terrier.ee\/wp-content\/uploads\/2024\/04\/DSC6405-EDIT.jpg\" alt=\"\" width=\"670\" height=\"489\" srcset=\"https:\/\/www.terrier.ee\/wp-content\/uploads\/2024\/04\/DSC6405-EDIT.jpg 1187w, https:\/\/www.terrier.ee\/wp-content\/uploads\/2024\/04\/DSC6405-EDIT-300x219.jpg 300w, https:\/\/www.terrier.ee\/wp-content\/uploads\/2024\/04\/DSC6405-EDIT-768x561.jpg 768w, https:\/\/www.terrier.ee\/wp-content\/uploads\/2024\/04\/DSC6405-EDIT-1024x748.jpg 1024w\" sizes=\"(max-width: 670px) 100vw, 670px\" \/><\/a><\/p>\n<p>&nbsp;<\/p>\n<p style=\"text-align: center;\"><span style=\"color: #00ff00;\"><strong>BEST IN SHOW KASVATAJA<\/strong><\/span><br \/>\n<strong>Kohtunik pr. Livija Zizevske<\/strong><\/p>\n<p>&nbsp;<\/p>\n<p><strong>1.Austraalia terjer &#8211;\u00a0<span class=\"b\"><span style=\"color: #ff0000;\">ARMIRELLI<\/span>, om.\u00a0<\/span>Anne-Lii Sild, Eesti<\/strong><br \/>\n<strong>2. Vene must terjer &#8211;\u00a0<span class=\"b\"><span style=\"color: #ff0000;\">DETI ARBATA<\/span>, om.\u00a0<\/span>Oksana Babula, L\u00e4ti<\/strong><br \/>\n<strong>3. Welshi terjer &#8211;\u00a0<span class=\"b\"><span style=\"color: #ff0000;\">AK MIL VISTA<\/span>, om.\u00a0<\/span>Anu-Sirje Keerd, Eesti<\/strong><br \/>\n<strong>4. Ameerika staffordshirei terjer &#8211;\u00a0<span class=\"b\"><span style=\"color: #ff0000;\">ANTE BELLUM<\/span>, om.\u00a0<\/span>H\u00e4li Tammeleht, Eesti<\/strong><\/p>\n<p>&nbsp;<\/p>\n<p><a href=\"http:\/\/terrier.ee\/wp-content\/uploads\/2024\/04\/DSC6545.jpg\"><img loading=\"lazy\" decoding=\"async\" class=\"alignnone wp-image-2328\" src=\"http:\/\/terrier.ee\/wp-content\/uploads\/2024\/04\/DSC6545.jpg\" alt=\"\" width=\"328\" height=\"299\" srcset=\"https:\/\/www.terrier.ee\/wp-content\/uploads\/2024\/04\/DSC6545.jpg 1134w, https:\/\/www.terrier.ee\/wp-content\/uploads\/2024\/04\/DSC6545-300x274.jpg 300w, https:\/\/www.terrier.ee\/wp-content\/uploads\/2024\/04\/DSC6545-768x702.jpg 768w, https:\/\/www.terrier.ee\/wp-content\/uploads\/2024\/04\/DSC6545-1024x936.jpg 1024w\" sizes=\"(max-width: 328px) 100vw, 328px\" \/>\u00a0\u00a0<\/a><a href=\"http:\/\/terrier.ee\/wp-content\/uploads\/2024\/04\/DSC6550.jpg\"><img loading=\"lazy\" decoding=\"async\" class=\"alignnone wp-image-2329\" src=\"http:\/\/terrier.ee\/wp-content\/uploads\/2024\/04\/DSC6550.jpg\" alt=\"\" width=\"199\" height=\"299\" \/>\u00a0\u00a0<\/a><a href=\"http:\/\/terrier.ee\/wp-content\/uploads\/2024\/04\/DSC6552.jpg\"><img loading=\"lazy\" decoding=\"async\" class=\"alignnone wp-image-2330\" src=\"http:\/\/terrier.ee\/wp-content\/uploads\/2024\/04\/DSC6552.jpg\" alt=\"\" width=\"224\" height=\"296\" srcset=\"https:\/\/www.terrier.ee\/wp-content\/uploads\/2024\/04\/DSC6552.jpg 1080w, https:\/\/www.terrier.ee\/wp-content\/uploads\/2024\/04\/DSC6552-227x300.jpg 227w, https:\/\/www.terrier.ee\/wp-content\/uploads\/2024\/04\/DSC6552-768x1015.jpg 768w, https:\/\/www.terrier.ee\/wp-content\/uploads\/2024\/04\/DSC6552-775x1024.jpg 775w\" sizes=\"(max-width: 224px) 100vw, 224px\" \/>\u00a0\u00a0<\/a><a href=\"http:\/\/terrier.ee\/wp-content\/uploads\/2024\/04\/DSC6557.jpg\"><img loading=\"lazy\" decoding=\"async\" class=\"alignnone wp-image-2331\" src=\"http:\/\/terrier.ee\/wp-content\/uploads\/2024\/04\/DSC6557.jpg\" alt=\"\" width=\"348\" height=\"232\" srcset=\"https:\/\/www.terrier.ee\/wp-content\/uploads\/2024\/04\/DSC6557.jpg 1620w, https:\/\/www.terrier.ee\/wp-content\/uploads\/2024\/04\/DSC6557-300x200.jpg 300w, https:\/\/www.terrier.ee\/wp-content\/uploads\/2024\/04\/DSC6557-768x512.jpg 768w, https:\/\/www.terrier.ee\/wp-content\/uploads\/2024\/04\/DSC6557-1024x683.jpg 1024w\" sizes=\"(max-width: 348px) 100vw, 348px\" \/><\/a><\/p>\n<p>&nbsp;<\/p>\n<p style=\"text-align: center;\"><span style=\"color: #3366ff;\"><strong>PARIM EESTI KASVATAJA<\/strong><\/span><\/p>\n<p style=\"text-align: center;\"><strong>Austraalia terjer &#8211;\u00a0<span class=\"b\"><span style=\"color: #ff0000;\">ARMIRELLI<\/span>, om.\u00a0<\/span>Anne-Lii Sild, Eesti<\/strong><\/p>\n<p>&nbsp;<\/p>\n<p><a href=\"http:\/\/terrier.ee\/wp-content\/uploads\/2024\/04\/DSC6545.jpg\">\u00a0\u00a0<\/a><\/p>\n<p>&nbsp;<\/p>\n<p style=\"text-align: center;\"><span style=\"color: #00ff00;\"><strong>BEST IN SHOW PAAR<\/strong><\/span><br \/>\n<strong>Kohtunik pr. Livija Zizevske<\/strong><\/p>\n<p>&nbsp;<\/p>\n<p><strong>1.Vene must terjer &#8211;\u00a0<span style=\"color: #ff0000;\">BATAR DETI ARBATA<\/span>\u00a0 X\u00a0\u00a0<span style=\"color: #ff0000;\">DETI ARBATA FREESIA<\/span>, om.\u00a0Mihails Babula &amp; Oksana Babula, L\u00e4ti<\/strong><br \/>\n<strong>2. Jack russelli terjer &#8211;\u00a0<span class=\"b\" style=\"color: #ff0000;\">LAILYNN DIAMOND DRAGON<\/span>\u00a0 X\u00a0\u00a0<span class=\"b\"><span style=\"color: #ff0000;\">DISKAY DZHEKS CITY SLICKER<\/span>, om.\u00a0<\/span>Kairit Tammets, Eesti<\/strong><\/p>\n<p>&nbsp;<\/p>\n<p><a href=\"http:\/\/terrier.ee\/wp-content\/uploads\/2024\/04\/DSC6560.jpg\"><img loading=\"lazy\" decoding=\"async\" class=\"alignnone wp-image-2337\" src=\"http:\/\/terrier.ee\/wp-content\/uploads\/2024\/04\/DSC6560.jpg\" alt=\"\" width=\"424\" height=\"636\" srcset=\"https:\/\/www.terrier.ee\/wp-content\/uploads\/2024\/04\/DSC6560.jpg 1080w, https:\/\/www.terrier.ee\/wp-content\/uploads\/2024\/04\/DSC6560-200x300.jpg 200w, https:\/\/www.terrier.ee\/wp-content\/uploads\/2024\/04\/DSC6560-768x1152.jpg 768w, https:\/\/www.terrier.ee\/wp-content\/uploads\/2024\/04\/DSC6560-683x1024.jpg 683w\" sizes=\"(max-width: 424px) 100vw, 424px\" \/>\u00a0\u00a0<\/a><a href=\"http:\/\/terrier.ee\/wp-content\/uploads\/2024\/04\/DSC6565.jpg\"><img loading=\"lazy\" decoding=\"async\" class=\"alignnone wp-image-2338\" src=\"http:\/\/terrier.ee\/wp-content\/uploads\/2024\/04\/DSC6565.jpg\" alt=\"\" width=\"423\" height=\"635\" \/><\/a><\/p>\n<p>&nbsp;<\/p>\n<p style=\"text-align: center;\"><span style=\"color: #00ff00;\"><strong>BEST IN SHOW<\/strong><\/span><br \/>\n<strong>Kohtunik pr. Livija Zizevske<\/strong><\/p>\n<p>&nbsp;<\/p>\n<p><strong>1.Welshi terjer &#8211;\u00a0<span class=\"b\"><span style=\"color: #ff0000;\">AK MIL VISTA HEY HARALD<\/span>, om.\u00a0<\/span>Anu-Sirje Keerd &amp; Siim Raie &amp; Edvard Mihkelsaar, Eesti<\/strong><br \/>\n<strong>2. Iiri glen of imaali terjer &#8211;\u00a0<span class=\"b\"><span style=\"color: #ff0000;\">GLEANN POSTMAN PAT<\/span>, om.\u00a0<\/span>Anne Hakanen &amp; Tiina Assinen, Soome<\/strong><br \/>\n<strong>3. Bullterjer &#8211;\u00a0<span style=\"color: #ff0000;\">TEOBALT STERNE-HELD<\/span>, om. Aljo P\u00e4rn, Eesti<\/strong><br \/>\n<strong>4. Vene must terjer &#8211;\u00a0<span style=\"color: #ff0000;\">BATAR DETI ARBATA<\/span>, om.\u00a0Mihails Babula &amp; Oksana Babula, L\u00e4ti<\/strong><\/p>\n<p>&nbsp;<\/p>\n<p><a href=\"http:\/\/terrier.ee\/wp-content\/uploads\/2024\/04\/DSC6570.jpg\"><img loading=\"lazy\" decoding=\"async\" class=\"alignnone wp-image-2341\" src=\"http:\/\/terrier.ee\/wp-content\/uploads\/2024\/04\/DSC6570.jpg\" alt=\"\" width=\"286\" height=\"402\" srcset=\"https:\/\/www.terrier.ee\/wp-content\/uploads\/2024\/04\/DSC6570.jpg 923w, https:\/\/www.terrier.ee\/wp-content\/uploads\/2024\/04\/DSC6570-213x300.jpg 213w, https:\/\/www.terrier.ee\/wp-content\/uploads\/2024\/04\/DSC6570-768x1079.jpg 768w, https:\/\/www.terrier.ee\/wp-content\/uploads\/2024\/04\/DSC6570-729x1024.jpg 729w\" sizes=\"(max-width: 286px) 100vw, 286px\" \/>\u00a0\u00a0<\/a><a href=\"http:\/\/terrier.ee\/wp-content\/uploads\/2024\/04\/DSC6575.jpg\"><img loading=\"lazy\" decoding=\"async\" class=\"alignnone wp-image-2342\" src=\"http:\/\/terrier.ee\/wp-content\/uploads\/2024\/04\/DSC6575.jpg\" alt=\"\" width=\"265\" height=\"398\" srcset=\"https:\/\/www.terrier.ee\/wp-content\/uploads\/2024\/04\/DSC6575.jpg 1080w, https:\/\/www.terrier.ee\/wp-content\/uploads\/2024\/04\/DSC6575-200x300.jpg 200w, https:\/\/www.terrier.ee\/wp-content\/uploads\/2024\/04\/DSC6575-768x1152.jpg 768w, https:\/\/www.terrier.ee\/wp-content\/uploads\/2024\/04\/DSC6575-683x1024.jpg 683w\" sizes=\"(max-width: 265px) 100vw, 265px\" \/>\u00a0\u00a0<\/a><a href=\"http:\/\/terrier.ee\/wp-content\/uploads\/2024\/04\/DSC6579.jpg\"><img loading=\"lazy\" decoding=\"async\" class=\"alignnone wp-image-2343\" src=\"http:\/\/terrier.ee\/wp-content\/uploads\/2024\/04\/DSC6579.jpg\" alt=\"\" width=\"274\" height=\"397\" srcset=\"https:\/\/www.terrier.ee\/wp-content\/uploads\/2024\/04\/DSC6579.jpg 977w, https:\/\/www.terrier.ee\/wp-content\/uploads\/2024\/04\/DSC6579-207x300.jpg 207w, https:\/\/www.terrier.ee\/wp-content\/uploads\/2024\/04\/DSC6579-768x1112.jpg 768w, https:\/\/www.terrier.ee\/wp-content\/uploads\/2024\/04\/DSC6579-708x1024.jpg 708w\" sizes=\"(max-width: 274px) 100vw, 274px\" \/>\u00a0\u00a0<\/a><a href=\"http:\/\/terrier.ee\/wp-content\/uploads\/2024\/04\/DSC6590.jpg\"><img loading=\"lazy\" decoding=\"async\" class=\"alignnone wp-image-2344\" src=\"http:\/\/terrier.ee\/wp-content\/uploads\/2024\/04\/DSC6590.jpg\" alt=\"\" width=\"268\" height=\"392\" srcset=\"https:\/\/www.terrier.ee\/wp-content\/uploads\/2024\/04\/DSC6590.jpg 859w, https:\/\/www.terrier.ee\/wp-content\/uploads\/2024\/04\/DSC6590-206x300.jpg 206w, https:\/\/www.terrier.ee\/wp-content\/uploads\/2024\/04\/DSC6590-768x1121.jpg 768w, https:\/\/www.terrier.ee\/wp-content\/uploads\/2024\/04\/DSC6590-701x1024.jpg 701w\" sizes=\"(max-width: 268px) 100vw, 268px\" \/><\/a><\/p>\n<p>&nbsp;<\/p>\n<p style=\"text-align: center;\"><span style=\"color: #0000ff;\"><strong>PARIM EESTIS S\u00dcNDINUD TERJER<\/strong><\/span><\/p>\n<p style=\"text-align: center;\"><strong>Welshi terjer &#8211;\u00a0<span class=\"b\"><span style=\"color: #ff0000;\">AK MIL VISTA HEY HARALD<\/span>, om.\u00a0<\/span>Anu-Sirje Keerd &amp; Siim Raie &amp; Edvard Mihkelsaar, Eesti<\/strong><\/p>\n<p>&nbsp;<\/p>\n<p><a href=\"http:\/\/terrier.ee\/wp-content\/uploads\/2024\/04\/DSC6570-1.jpg\"><img loading=\"lazy\" decoding=\"async\" class=\" wp-image-2347 aligncenter\" src=\"http:\/\/terrier.ee\/wp-content\/uploads\/2024\/04\/DSC6570-1.jpg\" alt=\"\" width=\"650\" height=\"913\" srcset=\"https:\/\/www.terrier.ee\/wp-content\/uploads\/2024\/04\/DSC6570-1.jpg 923w, https:\/\/www.terrier.ee\/wp-content\/uploads\/2024\/04\/DSC6570-1-213x300.jpg 213w, https:\/\/www.terrier.ee\/wp-content\/uploads\/2024\/04\/DSC6570-1-768x1079.jpg 768w, https:\/\/www.terrier.ee\/wp-content\/uploads\/2024\/04\/DSC6570-1-729x1024.jpg 729w\" sizes=\"(max-width: 650px) 100vw, 650px\" \/><\/a><\/p>\n","protected":false},"excerpt":{"rendered":"<p>14.04.2024 Tallinna Heleni koolis Kohtunikud: Hr. Karlis Hallik &#8211; kutsikad ja kutsikate Best In Show Pr. Livia Zizevske &#8211; k\u00f5ik \u00fclej\u00e4\u00e4nud klassid ja l\u00f5ppv\u00f5istlused &nbsp; ONLINE TULEMUSED GALERII BEST IN SHOW KUTSIKAD Kohtunik hr. Karlis Hallik &nbsp; 1.Cairni terjer &#8211;\u00a0ZALAZAR GALLIANO, om.\u00a0Anu-Sirje Keerd, Eesti 2. Jack russelli terjer &#8211;\u00a0LEXBERRY&#8217;S NEED FOR SPEED MR TRIKK, om.\u00a0Kelly <a class=\"read-more\" href=\"https:\/\/www.terrier.ee\/index.php\/54-erinaitus\/\">Read More<\/a><\/p>\n","protected":false},"author":1,"featured_media":0,"parent":0,"menu_order":0,"comment_status":"closed","ping_status":"closed","template":"template-full-width.php","meta":{"footnotes":""},"class_list":["post-2294","page","type-page","status-publish","hentry"],"_links":{"self":[{"href":"https:\/\/www.terrier.ee\/index.php\/wp-json\/wp\/v2\/pages\/2294"}],"collection":[{"href":"https:\/\/www.terrier.ee\/index.php\/wp-json\/wp\/v2\/pages"}],"about":[{"href":"https:\/\/www.terrier.ee\/index.php\/wp-json\/wp\/v2\/types\/page"}],"author":[{"embeddable":true,"href":"https:\/\/www.terrier.ee\/index.php\/wp-json\/wp\/v2\/users\/1"}],"replies":[{"embeddable":true,"href":"https:\/\/www.terrier.ee\/index.php\/wp-json\/wp\/v2\/comments?post=2294"}],"version-history":[{"count":5,"href":"https:\/\/www.terrier.ee\/index.php\/wp-json\/wp\/v2\/pages\/2294\/revisions"}],"predecessor-version":[{"id":2348,"href":"https:\/\/www.terrier.ee\/index.php\/wp-json\/wp\/v2\/pages\/2294\/revisions\/2348"}],"wp:attachment":[{"href":"https:\/\/www.terrier.ee\/index.php\/wp-json\/wp\/v2\/media?parent=2294"}],"curies":[{"name":"wp","href":"https:\/\/api.w.org\/{rel}","templated":true}]}}