{"id":808,"date":"2018-09-02T18:18:17","date_gmt":"2018-09-02T18:18:17","guid":{"rendered":"http:\/\/terrier.ee\/?page_id=808"},"modified":"2018-09-03T19:39:36","modified_gmt":"2018-09-03T19:39:36","slug":"43-erinaitus-balter-2018","status":"publish","type":"page","link":"https:\/\/www.terrier.ee\/index.php\/43-erinaitus-balter-2018\/","title":{"rendered":"43. ERIN\u00c4ITUS BalTer 2018"},"content":{"rendered":"<h1 style=\"text-align: center;\"><strong>BALTER V\u00d5ITJA 2018<\/strong><\/h1>\n<p style=\"text-align: center;\"><strong>Kohtunikud pr Viive Maranik ( Eestist )<\/strong><br \/>\n<strong>\u00a0 \u00a0 \u00a0 \u00a0 \u00a0 \u00a0 \u00a0 \u00a0 \u00a0 \u00a0 \u00a0 \u00a0 \u00a0 pr Suzanne Pattyn ( Belgiast )<\/strong><br \/>\n<strong>\u00a0 \u00a0 \u00a0 \u00a0 \u00a0 \u00a0 \u00a0 \u00a0 \u00a0 \u00a0 \u00a0 \u00a0 \u00a0 hr Denk Csaba ( Ungarist )<\/strong><\/p>\n<p style=\"text-align: center;\"><a href=\"https:\/\/online.kennelliit.ee\/show\/show.php?mode=full&amp;show=597&amp;lang=0\" target=\"_blank\" rel=\"noopener\"><strong>T\u00c4ISTULEMUSED<\/strong><\/a><\/p>\n<p style=\"text-align: center;\"><span style=\"color: #00ff00;\"><strong>BEST IN SHOW<br \/>\n<\/strong><\/span><strong>Kohtunik: hr Denk Csaba<\/strong><\/p>\n<p>&nbsp;<\/p>\n<p><strong>1.Yorkshire`i terjer\u00a0<span class=\"b\"><span style=\"color: #ff0000;\">SUNACHATES NOBBY ANYTIME<\/span>, om.\u00a0<\/span>Olga Begena,\u00a0 L\u00e4tis<\/strong><br \/>\n<strong> 2.\u00a0Iiri terjer\u00a0<span class=\"b\"><span style=\"color: #ff0000;\">HANGERBELL IMAGE<\/span>, om.\u00a0<\/span>Marina Svetli\u0161eva &amp; Tatjana Ne\u010dajeva, L\u00e4ti<\/strong><br \/>\n<strong> 3.\u00a0Dandie Dinmonti terjer\u00a0<span class=\"b\"><span style=\"color: #ff0000;\">DANCHESTER&#8217;S QUALITY APPROVED<\/span>, om.\u00a0<\/span>Kristine Maria Siitan &amp; Hanne Tuomenoksa, Eesti<\/strong><br \/>\n<strong> 4.\u00a0Staffordshirei bullterjer\u00a0<span class=\"b\"><span style=\"color: #ff0000;\">JINGLE BELL AT MOONCRAFT&#8217;S BERSERKER<\/span>, om.\u00a0<\/span>Helen Tonkson-Koit &amp; Reili Rooden, Eesti<\/strong><\/p>\n<p><a href=\"http:\/\/terrier.ee\/wp-content\/uploads\/2018\/09\/2MGP0655.jpg\"><img loading=\"lazy\" decoding=\"async\" class=\"alignnone wp-image-814\" src=\"http:\/\/terrier.ee\/wp-content\/uploads\/2018\/09\/2MGP0655.jpg\" alt=\"\" width=\"225\" height=\"293\" srcset=\"http:\/\/terrier.ee\/wp-content\/uploads\/2018\/09\/2MGP0655.jpg 491w, http:\/\/terrier.ee\/wp-content\/uploads\/2018\/09\/2MGP0655-230x300.jpg 230w\" sizes=\"(max-width: 225px) 100vw, 225px\" \/>\u00a0\u00a0<\/a><a href=\"http:\/\/terrier.ee\/wp-content\/uploads\/2018\/09\/2MGP0642.jpg\"><img loading=\"lazy\" decoding=\"async\" class=\"alignnone wp-image-815\" src=\"http:\/\/terrier.ee\/wp-content\/uploads\/2018\/09\/2MGP0642.jpg\" alt=\"\" width=\"243\" height=\"295\" srcset=\"http:\/\/terrier.ee\/wp-content\/uploads\/2018\/09\/2MGP0642.jpg 527w, http:\/\/terrier.ee\/wp-content\/uploads\/2018\/09\/2MGP0642-247x300.jpg 247w\" sizes=\"(max-width: 243px) 100vw, 243px\" \/><\/a><a href=\"http:\/\/terrier.ee\/wp-content\/uploads\/2018\/09\/2MGP0655.jpg\">\u00a0\u00a0<\/a><a href=\"http:\/\/terrier.ee\/wp-content\/uploads\/2018\/09\/2MGP0649.jpg\"><img loading=\"lazy\" decoding=\"async\" class=\"alignnone wp-image-816\" src=\"http:\/\/terrier.ee\/wp-content\/uploads\/2018\/09\/2MGP0649.jpg\" alt=\"\" width=\"259\" height=\"294\" srcset=\"http:\/\/terrier.ee\/wp-content\/uploads\/2018\/09\/2MGP0649.jpg 564w, http:\/\/terrier.ee\/wp-content\/uploads\/2018\/09\/2MGP0649-264x300.jpg 264w\" sizes=\"(max-width: 259px) 100vw, 259px\" \/><\/a><a href=\"http:\/\/terrier.ee\/wp-content\/uploads\/2018\/09\/2MGP0655.jpg\">\u00a0\u00a0<\/a><a href=\"http:\/\/terrier.ee\/wp-content\/uploads\/2018\/09\/2MGP0677.jpg\"><img loading=\"lazy\" decoding=\"async\" class=\"alignnone wp-image-817\" src=\"http:\/\/terrier.ee\/wp-content\/uploads\/2018\/09\/2MGP0677.jpg\" alt=\"\" width=\"278\" height=\"224\" srcset=\"http:\/\/terrier.ee\/wp-content\/uploads\/2018\/09\/2MGP0677.jpg 640w, http:\/\/terrier.ee\/wp-content\/uploads\/2018\/09\/2MGP0677-300x241.jpg 300w\" sizes=\"(max-width: 278px) 100vw, 278px\" \/><\/a><\/p>\n<p style=\"text-align: center;\"><strong><span style=\"color: #0000ff;\">PARIM EESTIS S\u00dcNDINUD TERJER<\/span><\/strong><\/p>\n<p style=\"text-align: center;\"><strong>SKYE TERJER\u00a0<span style=\"color: #ff0000;\">JUGER EDELWEISS HENNESY XO<\/span>, om Julia ja Mihhail Knut<\/strong><\/p>\n<p><a href=\"http:\/\/terrier.ee\/wp-content\/uploads\/2018\/09\/2MGP0150.jpg\"><img loading=\"lazy\" decoding=\"async\" class=\" wp-image-821 aligncenter\" src=\"http:\/\/terrier.ee\/wp-content\/uploads\/2018\/09\/2MGP0150.jpg\" alt=\"\" width=\"519\" height=\"360\" srcset=\"http:\/\/terrier.ee\/wp-content\/uploads\/2018\/09\/2MGP0150.jpg 640w, http:\/\/terrier.ee\/wp-content\/uploads\/2018\/09\/2MGP0150-300x208.jpg 300w\" sizes=\"(max-width: 519px) 100vw, 519px\" \/><\/a><\/p>\n<p style=\"text-align: center;\"><span style=\"color: #00ff00;\"><strong>BEST IN SHOW BEEBI<\/strong><\/span><\/p>\n<p style=\"text-align: center;\"><strong>Kohtunik Suzanne Pattyn<\/strong><\/p>\n<p><strong>1.Jack russeli terjer\u00a0<span class=\"b\"><span style=\"color: #ff0000;\">TSARODEJ AVALON OF THE HEART,<\/span> om.\u00a0<\/span>Riitta Ajanto, Soome<\/strong><br \/>\n<strong>2.\u00a0Bullterier\u00a0<span class=\"b\"><span style=\"color: #ff0000;\">TEGELINSKI HAVANNA<\/span>, om\u00a0<\/span>Mirje Uibo, Eesti<\/strong><br \/>\n<strong>3.\u00a0Cairni terjer\u00a0<span class=\"b\"><span style=\"color: #ff0000;\">AK MIL VISTA X-FACTOR<\/span>, om.\u00a0<\/span>Anu-Sirje Keerd, Eesti<\/strong><br \/>\n<strong>4.\u00a0Austraalia terjer\u00a0<span class=\"b\"><span style=\"color: #ff0000;\">ARMIRELLI MCLUB HOSTESS<\/span>, om.\u00a0<\/span>Anne-Lii Sild, Eesti<\/strong><\/p>\n<p><a href=\"http:\/\/terrier.ee\/wp-content\/uploads\/2018\/09\/2MGP0426.jpg\"><img loading=\"lazy\" decoding=\"async\" class=\" wp-image-823 aligncenter\" src=\"http:\/\/terrier.ee\/wp-content\/uploads\/2018\/09\/2MGP0426.jpg\" alt=\"\" width=\"694\" height=\"257\" srcset=\"http:\/\/terrier.ee\/wp-content\/uploads\/2018\/09\/2MGP0426.jpg 640w, http:\/\/terrier.ee\/wp-content\/uploads\/2018\/09\/2MGP0426-300x111.jpg 300w\" sizes=\"(max-width: 694px) 100vw, 694px\" \/><\/a><\/p>\n<p style=\"text-align: center;\"><span style=\"color: #0000ff;\"><strong>PARIM EESTIS S\u00dcNDINUD BEEBI<\/strong><\/span><\/p>\n<p style=\"text-align: center;\"><strong>Bullterjer <span style=\"color: #ff0000;\">TEGELINSKI HAVANNA<\/span>, om Mirje Uibo, Eesti<\/strong><\/p>\n<p><a href=\"http:\/\/terrier.ee\/wp-content\/uploads\/2018\/09\/2MGP0415.jpg\"><img loading=\"lazy\" decoding=\"async\" class=\" wp-image-825 aligncenter\" src=\"http:\/\/terrier.ee\/wp-content\/uploads\/2018\/09\/2MGP0415.jpg\" alt=\"\" width=\"430\" height=\"566\" srcset=\"http:\/\/terrier.ee\/wp-content\/uploads\/2018\/09\/2MGP0415.jpg 486w, http:\/\/terrier.ee\/wp-content\/uploads\/2018\/09\/2MGP0415-228x300.jpg 228w\" sizes=\"(max-width: 430px) 100vw, 430px\" \/><\/a><\/p>\n<p style=\"text-align: center;\"><span style=\"color: #00ff00;\"><strong>BEST IN SHOW KUTSIKAS<\/strong><\/span><\/p>\n<p style=\"text-align: center;\"><strong>Kohtunik Viive Maranik<\/strong><\/p>\n<p><strong>1.K\u00e4\u00e4busbullterjer\u00a0<span class=\"b\"><span style=\"color: #ff0000;\">POTSU DE NOTSU WILD AND YOUNG<\/span>, om.\u00a0<\/span>Allan Kari, Eesti<\/strong><br \/>\n<strong>2. Jack russelli terjer\u00a0<span class=\"b\"><span style=\"color: #ff0000;\">LOVELY-ORANGE PROVOCATEUR<\/span>, om.\u00a0<\/span>Riitta Ajanto, Soome<\/strong><br \/>\n<strong>3. Ameerika Staffordshirei terjer\u00a0<span class=\"b\"><span style=\"color: #ff0000;\">FINESTHILL&#8217;S ALL I EVER WANTED<\/span>,<\/span>\u00a0om. Nina Kristiina Salokorpi, Eesti<\/strong><\/p>\n<p><a href=\"http:\/\/terrier.ee\/wp-content\/uploads\/2018\/09\/2MGP0441.jpg\"><img loading=\"lazy\" decoding=\"async\" class=\"size-full wp-image-827 aligncenter\" src=\"http:\/\/terrier.ee\/wp-content\/uploads\/2018\/09\/2MGP0441.jpg\" alt=\"\" width=\"640\" height=\"302\" srcset=\"http:\/\/terrier.ee\/wp-content\/uploads\/2018\/09\/2MGP0441.jpg 640w, http:\/\/terrier.ee\/wp-content\/uploads\/2018\/09\/2MGP0441-300x142.jpg 300w\" sizes=\"(max-width: 640px) 100vw, 640px\" \/><\/a><\/p>\n<p style=\"text-align: center;\"><span style=\"color: #0000ff;\"><strong>PARIM EESTIS S\u00dcNDINUD KUTSIKAS<\/strong><\/span><\/p>\n<p style=\"text-align: center;\"><strong>K\u00e4\u00e4bus bullterjer <span style=\"color: #ff0000;\">POTSU DE NOTSU WILD AND YOUNG<\/span>, om Allan Kari, Eesti<\/strong><\/p>\n<p><a href=\"http:\/\/terrier.ee\/wp-content\/uploads\/2018\/09\/2MGP0446.jpg\"><img loading=\"lazy\" decoding=\"async\" class=\" wp-image-829 aligncenter\" src=\"http:\/\/terrier.ee\/wp-content\/uploads\/2018\/09\/2MGP0446.jpg\" alt=\"\" width=\"546\" height=\"379\" srcset=\"http:\/\/terrier.ee\/wp-content\/uploads\/2018\/09\/2MGP0446.jpg 640w, http:\/\/terrier.ee\/wp-content\/uploads\/2018\/09\/2MGP0446-300x208.jpg 300w\" sizes=\"(max-width: 546px) 100vw, 546px\" \/><\/a><\/p>\n<p style=\"text-align: center;\"><span style=\"color: #00ff00;\"><strong>BEST IN SHOW JUNIOR<\/strong><\/span><\/p>\n<p style=\"text-align: center;\"><strong>Kohtunik Denk Csaba<\/strong><\/p>\n<p>&nbsp;<\/p>\n<p><strong>1.Iiri terjer\u00a0<span class=\"b\"><span style=\"color: #ff0000;\">HANGERBELL IMAGE<\/span>, om.\u00a0<\/span>Marina Svetli\u0161eva &amp; Tatjana Ne\u010dajeva, L\u00e4ti<\/strong><br \/>\n<strong>2.\u00a0West Highlandi terjer\u00a0<span class=\"b\"><span style=\"color: #ff0000;\">U ARE THE ONE SUNSHINE CELEBRATION<\/span>, om.\u00a0<\/span>Olga Begena, L\u00e4ti<\/strong><br \/>\n<strong>3.\u00a0Ameerika Staffordshirei terjer\u00a0<span class=\"b\"><span style=\"color: #ff0000;\">SUPERSTELLAR BRAG WITH ME<\/span>, om.\u00a0<\/span>Kaja Vahar, Eesti<\/strong><br \/>\n<strong>4.\u00a0Austraalia terjer\u00a0<span class=\"b\"><span style=\"color: #ff0000;\">BLUEPEPPER&#8217;S SMILING WEASEL<\/span>, om.\u00a0<\/span>Maritsa Vesalainen, Soome<\/strong><\/p>\n<p><a href=\"http:\/\/terrier.ee\/wp-content\/uploads\/2018\/09\/2MGP0583.jpg\"><img loading=\"lazy\" decoding=\"async\" class=\"alignnone wp-image-831\" src=\"http:\/\/terrier.ee\/wp-content\/uploads\/2018\/09\/2MGP0583.jpg\" alt=\"\" width=\"256\" height=\"335\" srcset=\"http:\/\/terrier.ee\/wp-content\/uploads\/2018\/09\/2MGP0583.jpg 489w, http:\/\/terrier.ee\/wp-content\/uploads\/2018\/09\/2MGP0583-229x300.jpg 229w\" sizes=\"(max-width: 256px) 100vw, 256px\" \/>\u00a0\u00a0<\/a><a href=\"http:\/\/terrier.ee\/wp-content\/uploads\/2018\/09\/2MGP0590.jpg\"><img loading=\"lazy\" decoding=\"async\" class=\"alignnone wp-image-832\" src=\"http:\/\/terrier.ee\/wp-content\/uploads\/2018\/09\/2MGP0590.jpg\" alt=\"\" width=\"270\" height=\"330\" srcset=\"http:\/\/terrier.ee\/wp-content\/uploads\/2018\/09\/2MGP0590.jpg 524w, http:\/\/terrier.ee\/wp-content\/uploads\/2018\/09\/2MGP0590-246x300.jpg 246w\" sizes=\"(max-width: 270px) 100vw, 270px\" \/>\u00a0\u00a0<\/a><a href=\"http:\/\/terrier.ee\/wp-content\/uploads\/2018\/09\/2MGP0600.jpg\"><img loading=\"lazy\" decoding=\"async\" class=\"alignnone wp-image-833\" src=\"http:\/\/terrier.ee\/wp-content\/uploads\/2018\/09\/2MGP0600.jpg\" alt=\"\" width=\"280\" height=\"330\" srcset=\"http:\/\/terrier.ee\/wp-content\/uploads\/2018\/09\/2MGP0600.jpg 542w, http:\/\/terrier.ee\/wp-content\/uploads\/2018\/09\/2MGP0600-254x300.jpg 254w\" sizes=\"(max-width: 280px) 100vw, 280px\" \/><\/a><a href=\"http:\/\/terrier.ee\/wp-content\/uploads\/2018\/09\/2MGP0590.jpg\">\u00a0\u00a0<\/a><a href=\"http:\/\/terrier.ee\/wp-content\/uploads\/2018\/09\/2MGP0604.jpg\"><img loading=\"lazy\" decoding=\"async\" class=\"alignnone wp-image-834\" src=\"http:\/\/terrier.ee\/wp-content\/uploads\/2018\/09\/2MGP0604.jpg\" alt=\"\" width=\"288\" height=\"338\" srcset=\"http:\/\/terrier.ee\/wp-content\/uploads\/2018\/09\/2MGP0604.jpg 546w, http:\/\/terrier.ee\/wp-content\/uploads\/2018\/09\/2MGP0604-256x300.jpg 256w\" sizes=\"(max-width: 288px) 100vw, 288px\" \/><\/a><\/p>\n<p style=\"text-align: center;\"><span style=\"color: #0000ff;\"><strong>PARIM EESTIS S\u00dcNDINUD JUUNIOR<\/strong><\/span><\/p>\n<p style=\"text-align: center;\"><strong>Ameerika Staffordshirei terjer\u00a0<span class=\"b\"><span style=\"color: #ff0000;\">SUPERSTELLAR BRAG WITH ME<\/span>, om.\u00a0<\/span>Kaja Vahar, Eesti<\/strong><\/p>\n<p><a href=\"http:\/\/terrier.ee\/wp-content\/uploads\/2018\/09\/2MGP0600-1.jpg\"><img loading=\"lazy\" decoding=\"async\" class=\"wp-image-837 aligncenter\" src=\"http:\/\/terrier.ee\/wp-content\/uploads\/2018\/09\/2MGP0600-1.jpg\" alt=\"\" width=\"396\" height=\"468\" srcset=\"http:\/\/terrier.ee\/wp-content\/uploads\/2018\/09\/2MGP0600-1.jpg 542w, http:\/\/terrier.ee\/wp-content\/uploads\/2018\/09\/2MGP0600-1-254x300.jpg 254w\" sizes=\"(max-width: 396px) 100vw, 396px\" \/><\/a><\/p>\n<p style=\"text-align: center;\"><span style=\"color: #00ff00;\"><strong>BEST IN SHOW VETERAN<\/strong><\/span><\/p>\n<p style=\"text-align: center;\"><strong>Kohtunik Suzanne Pattyn<\/strong><\/p>\n<p><strong>1.\u0160oti terjer\u00a0<span class=\"b\"><span style=\"color: #ff0000;\">QUAINT O&#8217;MY JACQUOT<\/span>, om.\u00a0<\/span>Sirkka Laasasenaho, Soome<\/strong><br \/>\n<strong>2.\u00a0Welshi terjer\u00a0<span class=\"b\"><span style=\"color: #ff0000;\">SHAIREAB&#8217;S BAYLEIGH TICKET TO RIDE<\/span>, om.\u00a0<\/span>Anu-Sirje Keerd, Eesti<\/strong><br \/>\n<strong>3.\u00a0Skye terjer\u00a0<span class=\"b\"><span style=\"color: #ff0000;\">JUGER EDELWEISS HENNESY XO<\/span>, om.\u00a0<\/span>Julia Knut &amp; Mihhail Knut, Eesti<\/strong><br \/>\n<strong>4.\u00a0Austraalia siiditerjer\u00a0<span class=\"b\"><span style=\"color: #ff0000;\">ROMWAL WELSH DRAGON<\/span>, om.\u00a0<\/span>Jenna Timonen &amp; Soile Lahtinen, Soome<\/strong><\/p>\n<p><a href=\"http:\/\/terrier.ee\/wp-content\/uploads\/2018\/09\/2MGP0473.jpg\"><img loading=\"lazy\" decoding=\"async\" class=\"size-full wp-image-839 aligncenter\" src=\"http:\/\/terrier.ee\/wp-content\/uploads\/2018\/09\/2MGP0473.jpg\" alt=\"\" width=\"640\" height=\"258\" srcset=\"http:\/\/terrier.ee\/wp-content\/uploads\/2018\/09\/2MGP0473.jpg 640w, http:\/\/terrier.ee\/wp-content\/uploads\/2018\/09\/2MGP0473-300x121.jpg 300w\" sizes=\"(max-width: 640px) 100vw, 640px\" \/><\/a><\/p>\n<p style=\"text-align: center;\"><span style=\"color: #0000ff;\"><strong>PARIM EESTIS S\u00dcNDINUD VETERAN<\/strong><\/span><\/p>\n<p style=\"text-align: center;\"><strong>Skye terjer\u00a0<span class=\"b\"><span style=\"color: #ff0000;\">JUGER EDELWEISS HENNESY X<\/span>O, om.\u00a0<\/span>Julia Knut &amp; Mihhail Knut, Eesti<\/strong><\/p>\n<p><a href=\"http:\/\/terrier.ee\/wp-content\/uploads\/2018\/09\/2MGP0150.jpg\"><img loading=\"lazy\" decoding=\"async\" class=\"wp-image-821 aligncenter\" src=\"http:\/\/terrier.ee\/wp-content\/uploads\/2018\/09\/2MGP0150.jpg\" alt=\"\" width=\"522\" height=\"362\" srcset=\"http:\/\/terrier.ee\/wp-content\/uploads\/2018\/09\/2MGP0150.jpg 640w, http:\/\/terrier.ee\/wp-content\/uploads\/2018\/09\/2MGP0150-300x208.jpg 300w\" sizes=\"(max-width: 522px) 100vw, 522px\" \/><\/a><\/p>\n<p style=\"text-align: center;\"><span style=\"color: #00ff00;\"><strong>BEST IN SHOW KASVATAJA<\/strong><\/span><\/p>\n<p style=\"text-align: center;\"><strong>Kohtunik Viive Maranik<\/strong><\/p>\n<p><strong>1.Skye terjer\u00a0<span class=\"b\"><span style=\"color: #ff0000;\">JUGER EDELWEISS<\/span>, om.\u00a0<\/span>Julia Knut &amp; Mihhail Knut, Eesti<\/strong><br \/>\n<strong>2.\u00a0K\u00e4\u00e4busbullterjer\u00a0<span class=\"b\"><span style=\"color: #ff0000;\">POTSU DE NOTSU<\/span>, om.\u00a0<\/span>Margot Oder, Eesti<\/strong><br \/>\n<strong>3.\u00a0\u0160oti terjer\u00a0<span class=\"b\"><span style=\"color: #ff0000;\">RHUM<\/span>, om.\u00a0<\/span>Pia Wind, Soome<\/strong><br \/>\n<strong>4.\u00a0Ameerika staffordshirei terjer\u00a0<span class=\"b\"><span style=\"color: #ff0000;\">ANTE BELLUM<\/span>, om.\u00a0<\/span>H\u00e4li Tammeleht, Eesti<\/strong><\/p>\n<p><a href=\"http:\/\/terrier.ee\/wp-content\/uploads\/2018\/09\/2MGP0510.jpg\"><img loading=\"lazy\" decoding=\"async\" class=\"alignnone size-full wp-image-841\" src=\"http:\/\/terrier.ee\/wp-content\/uploads\/2018\/09\/2MGP0510.jpg\" alt=\"\" width=\"640\" height=\"331\" srcset=\"http:\/\/terrier.ee\/wp-content\/uploads\/2018\/09\/2MGP0510.jpg 640w, http:\/\/terrier.ee\/wp-content\/uploads\/2018\/09\/2MGP0510-300x155.jpg 300w\" sizes=\"(max-width: 640px) 100vw, 640px\" \/><\/a>\u00a0\u00a0<a href=\"http:\/\/terrier.ee\/wp-content\/uploads\/2018\/09\/2MGP0493.jpg\"><img loading=\"lazy\" decoding=\"async\" class=\"alignnone wp-image-842\" src=\"http:\/\/terrier.ee\/wp-content\/uploads\/2018\/09\/2MGP0493.jpg\" alt=\"\" width=\"330\" height=\"336\" srcset=\"http:\/\/terrier.ee\/wp-content\/uploads\/2018\/09\/2MGP0493.jpg 628w, http:\/\/terrier.ee\/wp-content\/uploads\/2018\/09\/2MGP0493-294x300.jpg 294w\" sizes=\"(max-width: 330px) 100vw, 330px\" \/><\/a><\/p>\n<p style=\"text-align: center;\"><span style=\"color: #00ff00;\"><strong>BEST IN SHOW PAAR<\/strong><\/span><\/p>\n<p style=\"text-align: center;\"><strong>Kohtunik Suzanne Pattyn<\/strong><\/p>\n<p><strong>1.\u00a0JACK RUSSELL&#8217;I TERJER &#8211;\u00a0<span class=\"b\"><span style=\"color: #ff0000;\">LOVELY-ORANGE BANDEROS<\/span> &amp;\u00a0<\/span><span class=\"b\"><span style=\"color: #ff0000;\">TSARODEJ SO SO SPECIAL SANDY<\/span>, om.\u00a0<\/span>Riitta Ajanto, Soome<\/strong><br \/>\n<strong>2.\u00a0BORDERTERJER &#8211;\u00a0<span class=\"b\"><span style=\"color: #ff0000;\">KE-DEN&#8217;S CODE OF HONOR<\/span> &amp;\u00a0<\/span><span class=\"b\"><span style=\"color: #ff0000;\">KE-DEN&#8217;S CINNAMON ROSE<\/span>, om\u00a0<\/span>Katri Albrecht &amp; Satu Laitiom\u00e4ki, Soome<\/strong><\/p>\n<p><a href=\"http:\/\/terrier.ee\/wp-content\/uploads\/2018\/09\/2MGP0556.jpg\"><img loading=\"lazy\" decoding=\"async\" class=\" wp-image-845 aligncenter\" src=\"http:\/\/terrier.ee\/wp-content\/uploads\/2018\/09\/2MGP0556.jpg\" alt=\"\" width=\"551\" height=\"398\" srcset=\"http:\/\/terrier.ee\/wp-content\/uploads\/2018\/09\/2MGP0556.jpg 640w, http:\/\/terrier.ee\/wp-content\/uploads\/2018\/09\/2MGP0556-300x217.jpg 300w\" sizes=\"(max-width: 551px) 100vw, 551px\" \/><\/a><\/p>\n<p style=\"text-align: center;\"><a href=\"http:\/\/terrier.ee\/gallery\/index.php?sfpg=MDIyLS1CYWxUZXIyMDE4LyoqMDZmY2YzY2FlNDllOWE1Yjk0MDUxNWFkOTEwZmE4OWZkN2VhOGUxZDkwOTkxYzAyZjY2YWQ0MjFiY2M0NzAxMg\" target=\"_blank\" rel=\"noopener\"><strong>GALERII<\/strong><\/a><\/p>\n<p>&nbsp;<\/p>\n","protected":false},"excerpt":{"rendered":"<p>BALTER V\u00d5ITJA 2018 Kohtunikud pr Viive Maranik ( Eestist ) \u00a0 \u00a0 \u00a0 \u00a0 \u00a0 \u00a0 \u00a0 \u00a0 \u00a0 \u00a0 \u00a0 \u00a0 \u00a0 pr Suzanne Pattyn ( Belgiast ) \u00a0 \u00a0 \u00a0 \u00a0 \u00a0 \u00a0 \u00a0 \u00a0 \u00a0 \u00a0 \u00a0 \u00a0 \u00a0 hr Denk Csaba ( Ungarist ) T\u00c4ISTULEMUSED BEST IN SHOW Kohtunik: hr Denk <a class=\"read-more\" href=\"https:\/\/www.terrier.ee\/index.php\/43-erinaitus-balter-2018\/\">Read More<\/a><\/p>\n","protected":false},"author":1,"featured_media":0,"parent":0,"menu_order":0,"comment_status":"closed","ping_status":"closed","template":"template-full-width.php","meta":{"footnotes":""},"class_list":["post-808","page","type-page","status-publish","hentry"],"_links":{"self":[{"href":"https:\/\/www.terrier.ee\/index.php\/wp-json\/wp\/v2\/pages\/808"}],"collection":[{"href":"https:\/\/www.terrier.ee\/index.php\/wp-json\/wp\/v2\/pages"}],"about":[{"href":"https:\/\/www.terrier.ee\/index.php\/wp-json\/wp\/v2\/types\/page"}],"author":[{"embeddable":true,"href":"https:\/\/www.terrier.ee\/index.php\/wp-json\/wp\/v2\/users\/1"}],"replies":[{"embeddable":true,"href":"https:\/\/www.terrier.ee\/index.php\/wp-json\/wp\/v2\/comments?post=808"}],"version-history":[{"count":5,"href":"https:\/\/www.terrier.ee\/index.php\/wp-json\/wp\/v2\/pages\/808\/revisions"}],"predecessor-version":[{"id":847,"href":"https:\/\/www.terrier.ee\/index.php\/wp-json\/wp\/v2\/pages\/808\/revisions\/847"}],"wp:attachment":[{"href":"https:\/\/www.terrier.ee\/index.php\/wp-json\/wp\/v2\/media?parent=808"}],"curies":[{"name":"wp","href":"https:\/\/api.w.org\/{rel}","templated":true}]}}